{"id":662,"date":"2017-12-13T15:04:14","date_gmt":"2017-12-13T15:04:14","guid":{"rendered":"https:\/\/aliagavet.net\/?page_id=662"},"modified":"2026-01-15T09:53:04","modified_gmt":"2026-01-15T09:53:04","slug":"residence-feline","status":"publish","type":"page","link":"https:\/\/aliagavet.net\/fr\/residence-feline\/","title":{"rendered":"R\u00c9SIDENCE F\u00c9LINE"},"content":{"rendered":"<p>[et_pb_section fb_built=\u00a0\u00bb1&Prime; _builder_version=\u00a0\u00bb3.0.89&Prime; background_image=\u00a0\u00bbhttps:\/\/aliagavet.net\/wp-content\/uploads\/2017\/12\/felina.jpg\u00a0\u00bb custom_margin=\u00a0\u00bb0px|0px|0px|0px\u00a0\u00bb custom_padding=\u00a0\u00bb0px|0px|700px|0px\u00a0\u00bb][et_pb_row make_fullwidth=\u00a0\u00bbon\u00a0\u00bb make_equal=\u00a0\u00bbon\u00a0\u00bb _builder_version=\u00a0\u00bb3.0.89&Prime; background_color=\u00a0\u00bb#ffffff\u00a0\u00bb background_size=\u00a0\u00bbinitial\u00a0\u00bb background_position=\u00a0\u00bbtop_left\u00a0\u00bb background_repeat=\u00a0\u00bbrepeat\u00a0\u00bb][et_pb_column type=\u00a0\u00bb4_4&Prime; _builder_version=\u00a0\u00bb3.0.47&Prime; parallax=\u00a0\u00bboff\u00a0\u00bb parallax_method=\u00a0\u00bbon\u00a0\u00bb][et_pb_text _builder_version=\u00a0\u00bb3.0.89&Prime;]&nbsp;<\/p>\n<h2 class=\"colorverde textoimgrc\" style=\"text-align: center;\">R\u00c9SIDENCE F\u00c9LINE<\/h2>\n<p>&nbsp;[\/et_pb_text][\/et_pb_column][\/et_pb_row][et_pb_row make_fullwidth=\u00a0\u00bbon\u00a0\u00bb custom_padding=\u00a0\u00bb0px|0px|0px|0px\u00a0\u00bb custom_margin=\u00a0\u00bb0px|0px|0px|0px\u00a0\u00bb make_equal=\u00a0\u00bbon\u00a0\u00bb _builder_version=\u00a0\u00bb3.0.89&Prime;][et_pb_column type=\u00a0\u00bb1_2&Prime; _builder_version=\u00a0\u00bb3.0.47&Prime; parallax=\u00a0\u00bboff\u00a0\u00bb parallax_method=\u00a0\u00bbon\u00a0\u00bb][et_pb_code _builder_version=\u00a0\u00bb3.0.89&Prime;]&lt;div class=&quot;et_pb_module et_pb_space et_pb_divider et_pb_divider_0 et_pb_divider_position_&quot;&gt;&lt;div class=&quot;et_pb_divider_internal sepizin&quot;&gt;&lt;\/div&gt;&lt;\/div&gt;[\/et_pb_code][\/et_pb_column][et_pb_column type=\u00a0\u00bb1_2&Prime; _builder_version=\u00a0\u00bb3.0.47&Prime; parallax=\u00a0\u00bboff\u00a0\u00bb parallax_method=\u00a0\u00bbon\u00a0\u00bb][et_pb_code _builder_version=\u00a0\u00bb3.0.89&Prime;]&lt;div class=&quot;et_pb_module et_pb_space et_pb_divider et_pb_divider_0 et_pb_divider_position_&quot;&gt;&lt;div class=&quot;et_pb_divider_internal sepdein&quot;&gt;&lt;\/div&gt;&lt;\/div&gt;[\/et_pb_code][\/et_pb_column][\/et_pb_row][\/et_pb_section][et_pb_section fb_built=\u00a0\u00bb1&Prime; _builder_version=\u00a0\u00bb3.0.47&Prime;][et_pb_row make_fullwidth=\u00a0\u00bbon\u00a0\u00bb custom_padding=\u00a0\u00bb0px|5%|0px|5%\u00a0\u00bb custom_margin=\u00a0\u00bb0px|0px|0px|0px\u00a0\u00bb make_equal=\u00a0\u00bbon\u00a0\u00bb _builder_version=\u00a0\u00bb3.0.89&Prime;][et_pb_column type=\u00a0\u00bb4_4&Prime; _builder_version=\u00a0\u00bb3.0.47&Prime; parallax=\u00a0\u00bboff\u00a0\u00bb parallax_method=\u00a0\u00bbon\u00a0\u00bb][et_pb_text _builder_version=\u00a0\u00bb3.0.89&Prime;]<\/p>\n<p style=\"text-align: center;\">La r\u00e9sidence f\u00e9line est situ\u00e9e dans une zone tr\u00e8s tranquille du centre entour\u00e9e d\u2019arbres, de v\u00e9g\u00e9tation, troncs-grattoirs et plantes autochtones.<br \/>\nLes grands espaces et autres supports de jeux (Maisonnettes \u00e9lev\u00e9es) font de cette r\u00e9sidence une endroit parfait pour le repos des chats.<br \/>\nEn p\u00e9riode plus froide, le chauffage y apporte aussi un confort suppl\u00e9mentaire.<br \/>\nIci encore, les v\u00e9t\u00e9rinaires du centre veillent sur la sant\u00e9 des pensionnaires et interviennent avec les soins appropri\u00e9s en cas de n\u00e9cessit\u00e9.<\/p>\n<p>[\/et_pb_text][\/et_pb_column][\/et_pb_row][\/et_pb_section][et_pb_section fb_built=\u00a0\u00bb1&Prime; _builder_version=\u00a0\u00bb3.0.89&Prime; custom_margin=\u00a0\u00bb0px|0px|0px|0px\u00a0\u00bb custom_padding=\u00a0\u00bb0px|0px|0px|0px\u00a0\u00bb][et_pb_row make_fullwidth=\u00a0\u00bbon\u00a0\u00bb custom_padding=\u00a0\u00bb0px|0px|0px|0px\u00a0\u00bb custom_margin=\u00a0\u00bb0px|0px|0px|0px\u00a0\u00bb make_equal=\u00a0\u00bbon\u00a0\u00bb _builder_version=\u00a0\u00bb3.0.89&Prime;][et_pb_column type=\u00a0\u00bb4_4&Prime; _builder_version=\u00a0\u00bb3.0.47&Prime; parallax=\u00a0\u00bboff\u00a0\u00bb parallax_method=\u00a0\u00bbon\u00a0\u00bb][et_pb_slider _builder_version=\u00a0\u00bb3.0.99&Prime; box_shadow_style=\u00a0\u00bbpreset6&Prime; box_shadow_blur=\u00a0\u00bb10px\u00a0\u00bb box_shadow_color=\u00a0\u00bbrgba(0,0,0,0.1)\u00a0\u00bb custom_padding=\u00a0\u00bb450px||450px|\u00a0\u00bb auto=\u00a0\u00bbon\u00a0\u00bb auto_speed=\u00a0\u00bb5000&Prime; show_inner_shadow=\u00a0\u00bbon\u00a0\u00bb][et_pb_slide use_bg_overlay=\u00a0\u00bboff\u00a0\u00bb use_text_overlay=\u00a0\u00bboff\u00a0\u00bb _builder_version=\u00a0\u00bb3.2&Prime; background_color=\u00a0\u00bb#ffffff\u00a0\u00bb background_image=\u00a0\u00bbhttps:\/\/aliagavet.net\/wp-content\/uploads\/2017\/12\/GATOS-CESPED-RETOCADO-2-1-de-1.jpg\u00a0\u00bb][\/et_pb_slide][et_pb_slide use_bg_overlay=\u00a0\u00bboff\u00a0\u00bb use_text_overlay=\u00a0\u00bboff\u00a0\u00bb _builder_version=\u00a0\u00bb3.2&Prime; background_color=\u00a0\u00bb#ffffff\u00a0\u00bb background_image=\u00a0\u00bbhttps:\/\/aliagavet.net\/wp-content\/uploads\/2017\/12\/P1220878.jpg\u00a0\u00bb][\/et_pb_slide][et_pb_slide use_bg_overlay=\u00a0\u00bboff\u00a0\u00bb use_text_overlay=\u00a0\u00bboff\u00a0\u00bb _builder_version=\u00a0\u00bb3.2&Prime; background_color=\u00a0\u00bb#ffffff\u00a0\u00bb background_image=\u00a0\u00bbhttps:\/\/aliagavet.net\/wp-content\/uploads\/2017\/12\/P1220747.jpg\u00a0\u00bb][\/et_pb_slide][et_pb_slide use_bg_overlay=\u00a0\u00bboff\u00a0\u00bb use_text_overlay=\u00a0\u00bboff\u00a0\u00bb _builder_version=\u00a0\u00bb3.2&Prime; background_color=\u00a0\u00bb#ffffff\u00a0\u00bb background_image=\u00a0\u00bbhttps:\/\/aliagavet.net\/wp-content\/uploads\/2017\/12\/cesped.jpg\u00a0\u00bb][\/et_pb_slide][\/et_pb_slider][\/et_pb_column][\/et_pb_row][\/et_pb_section][et_pb_section fb_built=\u00a0\u00bb1&Prime; _builder_version=\u00a0\u00bb3.0.89&Prime; background_image=\u00a0\u00bbhttps:\/\/aliagavet.net\/wp-content\/uploads\/2017\/12\/residencia-canina-textura.jpg\u00a0\u00bb][et_pb_row _builder_version=\u00a0\u00bb3.13.1&Prime; background_size=\u00a0\u00bbinitial\u00a0\u00bb background_position=\u00a0\u00bbtop_left\u00a0\u00bb background_repeat=\u00a0\u00bbrepeat\u00a0\u00bb][et_pb_column type=\u00a0\u00bb4_4&Prime; _builder_version=\u00a0\u00bb3.0.47&Prime; parallax=\u00a0\u00bboff\u00a0\u00bb parallax_method=\u00a0\u00bbon\u00a0\u00bb][et_pb_text _builder_version=\u00a0\u00bb3.0.89&Prime;]<\/p>\n<h2 class=\"colorverde\" style=\"text-align: center;\">Prix des s\u00e9jours<\/h2>\n<p>[\/et_pb_text][et_pb_text _builder_version=\u00a0\u00bb3.13.1&Prime;]<\/p>\n<p style=\"text-align: center;\">Chat 16.00 \u20ac\/jour<br \/> Deux Chats 24.00 \u20ac \/jour<br \/> *Si les animaux sont repris en soir\u00e9e, le prix de la journ\u00e9e sera d\u00fb.<\/p>\n<p>[\/et_pb_text][et_pb_button button_url=\u00a0\u00bbhttp:\/\/gestionresidencia.com\/gestion_aliaga\/reservas\/reserva_online.php\u00a0\u00bb button_text=\u00a0\u00bbR\u00c9SERVEZ ICI\u00a0\u00bb button_alignment=\u00a0\u00bbcenter\u00a0\u00bb _builder_version=\u00a0\u00bb3.13.1&Prime; custom_button=\u00a0\u00bbon\u00a0\u00bb button_text_color=\u00a0\u00bb#a5a5a5&Prime; button_bg_color=\u00a0\u00bb#508b39&Prime; button_border_color=\u00a0\u00bb#508b39&Prime; button_use_icon=\u00a0\u00bboff\u00a0\u00bb button_text_color_hover=\u00a0\u00bb#508b39&Prime; button_bg_color_hover=\u00a0\u00bb#a5a5a5&Prime;][\/et_pb_button][et_pb_text _builder_version=\u00a0\u00bb3.13.1&Prime;]<\/p>\n<p style=\"text-align: center;\">&#8211; Le prix INCLUT le s\u00e9jour, la nourriture, l&rsquo;ameublement, le chauffage dans les chats.<br \/> &#8211; Le prix NE COMPREND PAS les soins m\u00e9dicaux pour des raisons non li\u00e9es au s\u00e9jour, les r\u00e9gimes sp\u00e9ciaux, les bains, le transport&#8230;<br \/> &#8211; Des lits peuvent \u00eatre apport\u00e9s pour familiariser l&rsquo;animal \u00e0 son environnement.<br \/> &#8211; Les prolongations de s\u00e9jour sont soumises \u00e0 la disponibilit\u00e9.<\/p>\n<p style=\"text-align: center;\">\n<p style=\"text-align: center;\">Dates Haute Saison 1\u20ac par jour de suppl\u00e9ment\/animal.<br \/> Du 10 avril au 20 avril.<br \/> Du 1er ao\u00fbt au 31 ao\u00fbt<br \/> Du 15 d\u00e9cembre au 15 janvier.<\/p>\n<p>[\/et_pb_text][et_pb_text _builder_version=\u00a0\u00bb3.0.89&Prime;]<\/p>\n<h2 class=\"colorverde\" style=\"text-align: center;\">Heures d&rsquo;entr\u00e9e et de sortie<\/h2>\n<p style=\"text-align: center;\"><strong>Du lundi au samedi de:<\/strong><br \/>\n9.00 a 13.00 horas et de 17.00 a 19.00 heures<br \/>\n<strong>Dimanche et jours f\u00e9ri\u00e9s<\/strong><br \/>\n9.00 a 11.00 heures et de 18.00 a 19.00 heures<\/p>\n<p>[\/et_pb_text][et_pb_text _builder_version=\u00a0\u00bb3.0.89&Prime;]<\/p>\n<p><img loading=\"lazy\" decoding=\"async\" class=\"size-full wp-image-818 aligncenter\" src=\"https:\/\/aliagavet.net\/wp-content\/uploads\/2017\/12\/excla.png\" alt=\"\" width=\"128\" height=\"128\" \/><\/p>\n<p>Pour s\u00e9journer \u00e0 la r\u00e9sidence, votre animal doit \u00eatre vermifug\u00e9, avoir ses vaccins \u00e0 jour et \u00eatre identifi\u00e9. Toute mise \u00e0 jour peut \u00eatre effectu\u00e9e dans votre centre v\u00e9t\u00e9rinaire habituel avant votre arriv\u00e9e ou \u00e9ventuellement dans notre centre.<\/p>\n<p>[\/et_pb_text][\/et_pb_column][\/et_pb_row][\/et_pb_section][et_pb_section fb_built=\u00a0\u00bb1&Prime; _builder_version=\u00a0\u00bb3.0.89&Prime; background_color=\u00a0\u00bb#508b39&Prime; custom_margin=\u00a0\u00bb0px|0px|0px|0px\u00a0\u00bb custom_padding=\u00a0\u00bb0px|0px|0px|0px\u00a0\u00bb][et_pb_row make_fullwidth=\u00a0\u00bbon\u00a0\u00bb make_equal=\u00a0\u00bbon\u00a0\u00bb _builder_version=\u00a0\u00bb3.0.89&Prime;][et_pb_column type=\u00a0\u00bb4_4&Prime; _builder_version=\u00a0\u00bb3.0.47&Prime; parallax=\u00a0\u00bboff\u00a0\u00bb parallax_method=\u00a0\u00bbon\u00a0\u00bb][et_pb_text _builder_version=\u00a0\u00bb3.0.89&Prime;]<\/p>\n<h2 class=\"colorgris\" style=\"text-align: center;\">Responsables r\u00e9sidences\u00a0(665 616 733)<\/h2>\n<p>[\/et_pb_text][\/et_pb_column][\/et_pb_row][et_pb_row make_fullwidth=\u00a0\u00bbon\u00a0\u00bb make_equal=\u00a0\u00bbon\u00a0\u00bb _builder_version=\u00a0\u00bb3.0.89&Prime;][et_pb_column type=\u00a0\u00bb1_4&Prime; _builder_version=\u00a0\u00bb3.0.47&Prime; parallax=\u00a0\u00bboff\u00a0\u00bb parallax_method=\u00a0\u00bbon\u00a0\u00bb][\/et_pb_column][et_pb_column type=\u00a0\u00bb1_4&Prime; _builder_version=\u00a0\u00bb3.0.47&Prime; parallax=\u00a0\u00bboff\u00a0\u00bb parallax_method=\u00a0\u00bbon\u00a0\u00bb][et_pb_text _builder_version=\u00a0\u00bb3.0.89&Prime; custom_padding=\u00a0\u00bb5%|5%|5%|5%\u00a0\u00bb]<\/p>\n<p class=\"colorgris\" style=\"text-align: left;\">Les responsables de cette section montrent amoureux des animaux comme le reste de l\u2019\u00e9quipe. Ils fournissent des soins professionnels \u00e0 chacun de leurs r\u00e9sidents en respectant les caract\u00e9ristiques sp\u00e9cifiques de chaque race ou caract\u00e8re.<br \/>\nA ce sujet, l\u2019affection que leur t\u00e9moignent les animaux (Voir photos) parle d\u2019ailleurs elle-m\u00eame.<\/p>\n<p>[\/et_pb_text][\/et_pb_column][et_pb_column type=\u00a0\u00bb1_4&Prime; _builder_version=\u00a0\u00bb3.0.47&Prime; parallax=\u00a0\u00bboff\u00a0\u00bb parallax_method=\u00a0\u00bbon\u00a0\u00bb][et_pb_text _builder_version=\u00a0\u00bb3.13.1&Prime; custom_padding=\u00a0\u00bb5%|5%|5%|5%\u00a0\u00bb]<a href=\"tel:965741263\"><img loading=\"lazy\" decoding=\"async\" class=\"alignnone size-medium wp-image-398 aligncenter\" src=\"https:\/\/aliagavet.net\/wp-content\/uploads\/2017\/12\/plantilla-para-consulta-disponibilidad-5.jpg\" alt=\"\" width=\"300\" height=\"120\" \/><\/a>[\/et_pb_text][\/et_pb_column][et_pb_column type=\u00a0\u00bb1_4&Prime; _builder_version=\u00a0\u00bb3.0.47&Prime; parallax=\u00a0\u00bboff\u00a0\u00bb parallax_method=\u00a0\u00bbon\u00a0\u00bb][\/et_pb_column][\/et_pb_row][\/et_pb_section]<\/p>\n","protected":false},"excerpt":{"rendered":"<p>[et_pb_section fb_built=\u00a0\u00bb1&Prime; _builder_version=\u00a0\u00bb3.0.89&Prime; background_image=\u00a0\u00bbhttps:\/\/aliagavet.net\/wp-content\/uploads\/2017\/12\/felina.jpg\u00a0\u00bb custom_margin=\u00a0\u00bb0px|0px|0px|0px\u00a0\u00bb custom_padding=\u00a0\u00bb0px|0px|700px|0px\u00a0\u00bb][et_pb_row make_fullwidth=\u00a0\u00bbon\u00a0\u00bb make_equal=\u00a0\u00bbon\u00a0\u00bb _builder_version=\u00a0\u00bb3.0.89&Prime; background_color=\u00a0\u00bb#ffffff\u00a0\u00bb background_size=\u00a0\u00bbinitial\u00a0\u00bb background_position=\u00a0\u00bbtop_left\u00a0\u00bb background_repeat=\u00a0\u00bbrepeat\u00a0\u00bb][et_pb_column type=\u00a0\u00bb4_4&Prime; _builder_version=\u00a0\u00bb3.0.47&Prime; parallax=\u00a0\u00bboff\u00a0\u00bb parallax_method=\u00a0\u00bbon\u00a0\u00bb][et_pb_text _builder_version=\u00a0\u00bb3.0.89&Prime;]&nbsp; R\u00c9SIDENCE F\u00c9LINE &nbsp;[\/et_pb_text][\/et_pb_column][\/et_pb_row][et_pb_row make_fullwidth=\u00a0\u00bbon\u00a0\u00bb custom_padding=\u00a0\u00bb0px|0px|0px|0px\u00a0\u00bb custom_margin=\u00a0\u00bb0px|0px|0px|0px\u00a0\u00bb make_equal=\u00a0\u00bbon\u00a0\u00bb _builder_version=\u00a0\u00bb3.0.89&Prime;][et_pb_column type=\u00a0\u00bb1_2&Prime; _builder_version=\u00a0\u00bb3.0.47&Prime; parallax=\u00a0\u00bboff\u00a0\u00bb parallax_method=\u00a0\u00bbon\u00a0\u00bb][et_pb_code _builder_version=\u00a0\u00bb3.0.89&Prime;]&lt;div class=&quot;et_pb_module et_pb_space et_pb_divider et_pb_divider_0 et_pb_divider_position_&quot;&gt;&lt;div class=&quot;et_pb_divider_internal sepizin&quot;&gt;&lt;\/div&gt;&lt;\/div&gt;[\/et_pb_code][\/et_pb_column][et_pb_column type=\u00a0\u00bb1_2&Prime; _builder_version=\u00a0\u00bb3.0.47&Prime; parallax=\u00a0\u00bboff\u00a0\u00bb parallax_method=\u00a0\u00bbon\u00a0\u00bb][et_pb_code _builder_version=\u00a0\u00bb3.0.89&Prime;]&lt;div class=&quot;et_pb_module et_pb_space et_pb_divider et_pb_divider_0 et_pb_divider_position_&quot;&gt;&lt;div class=&quot;et_pb_divider_internal sepdein&quot;&gt;&lt;\/div&gt;&lt;\/div&gt;[\/et_pb_code][\/et_pb_column][\/et_pb_row][\/et_pb_section][et_pb_section fb_built=\u00a0\u00bb1&Prime; _builder_version=\u00a0\u00bb3.0.47&Prime;][et_pb_row make_fullwidth=\u00a0\u00bbon\u00a0\u00bb custom_padding=\u00a0\u00bb0px|5%|0px|5%\u00a0\u00bb custom_margin=\u00a0\u00bb0px|0px|0px|0px\u00a0\u00bb [&hellip;]<\/p>\n","protected":false},"author":1,"featured_media":0,"parent":0,"menu_order":0,"comment_status":"closed","ping_status":"closed","template":"","meta":{"footnotes":""},"class_list":["post-662","page","type-page","status-publish","hentry"],"_links":{"self":[{"href":"https:\/\/aliagavet.net\/fr\/wp-json\/wp\/v2\/pages\/662"}],"collection":[{"href":"https:\/\/aliagavet.net\/fr\/wp-json\/wp\/v2\/pages"}],"about":[{"href":"https:\/\/aliagavet.net\/fr\/wp-json\/wp\/v2\/types\/page"}],"author":[{"embeddable":true,"href":"https:\/\/aliagavet.net\/fr\/wp-json\/wp\/v2\/users\/1"}],"replies":[{"embeddable":true,"href":"https:\/\/aliagavet.net\/fr\/wp-json\/wp\/v2\/comments?post=662"}],"version-history":[{"count":2,"href":"https:\/\/aliagavet.net\/fr\/wp-json\/wp\/v2\/pages\/662\/revisions"}],"predecessor-version":[{"id":1113,"href":"https:\/\/aliagavet.net\/fr\/wp-json\/wp\/v2\/pages\/662\/revisions\/1113"}],"wp:attachment":[{"href":"https:\/\/aliagavet.net\/fr\/wp-json\/wp\/v2\/media?parent=662"}],"curies":[{"name":"wp","href":"https:\/\/api.w.org\/{rel}","templated":true}]}}