{"id":660,"date":"2017-12-13T15:03:16","date_gmt":"2017-12-13T15:03:16","guid":{"rendered":"https:\/\/aliagavet.net\/?page_id=660"},"modified":"2026-01-15T09:57:55","modified_gmt":"2026-01-15T09:57:55","slug":"residence-canine","status":"publish","type":"page","link":"https:\/\/aliagavet.net\/fr\/residence-canine\/","title":{"rendered":"R\u00c9SIDENCE CANINE"},"content":{"rendered":"<p>[et_pb_section fb_built=\u00a0\u00bb1&Prime; _builder_version=\u00a0\u00bb3.0.89&Prime; background_image=\u00a0\u00bbhttps:\/\/aliagavet.net\/wp-content\/uploads\/2017\/12\/cabecera_pagina_interna_residencia_canina.jpg\u00a0\u00bb custom_margin=\u00a0\u00bb0px|0px|0px|0px\u00a0\u00bb custom_padding=\u00a0\u00bb0px|0px|700px|0px\u00a0\u00bb][et_pb_row make_fullwidth=\u00a0\u00bbon\u00a0\u00bb make_equal=\u00a0\u00bbon\u00a0\u00bb _builder_version=\u00a0\u00bb3.0.89&Prime; background_color=\u00a0\u00bb#ffffff\u00a0\u00bb][et_pb_column type=\u00a0\u00bb4_4&Prime; _builder_version=\u00a0\u00bb3.0.47&Prime; parallax=\u00a0\u00bboff\u00a0\u00bb parallax_method=\u00a0\u00bbon\u00a0\u00bb][et_pb_text _builder_version=\u00a0\u00bb3.0.89&Prime;]<\/p>\n<h2 class=\"colorverde textoimgrc\" style=\"text-align: center;\">R\u00c9SIDENCE CANINE<\/h2>\n<p>[\/et_pb_text][\/et_pb_column][\/et_pb_row][et_pb_row make_fullwidth=\u00a0\u00bbon\u00a0\u00bb custom_padding=\u00a0\u00bb0px|0px|0px|0px\u00a0\u00bb custom_margin=\u00a0\u00bb0px|0px|0px|0px\u00a0\u00bb make_equal=\u00a0\u00bbon\u00a0\u00bb _builder_version=\u00a0\u00bb3.0.89&Prime;][et_pb_column type=\u00a0\u00bb1_2&Prime; _builder_version=\u00a0\u00bb3.0.47&Prime; parallax=\u00a0\u00bboff\u00a0\u00bb parallax_method=\u00a0\u00bbon\u00a0\u00bb][et_pb_code _builder_version=\u00a0\u00bb3.0.89&Prime;]&lt;div class=&quot;et_pb_module et_pb_space et_pb_divider et_pb_divider_0 et_pb_divider_position_&quot;&gt;&lt;div class=&quot;et_pb_divider_internal sepizin&quot;&gt;&lt;\/div&gt;&lt;\/div&gt;[\/et_pb_code][\/et_pb_column][et_pb_column type=\u00a0\u00bb1_2&Prime; _builder_version=\u00a0\u00bb3.0.47&Prime; parallax=\u00a0\u00bboff\u00a0\u00bb parallax_method=\u00a0\u00bbon\u00a0\u00bb][et_pb_code _builder_version=\u00a0\u00bb3.0.89&Prime;]&lt;div class=&quot;et_pb_module et_pb_space et_pb_divider et_pb_divider_0 et_pb_divider_position_&quot;&gt;&lt;div class=&quot;et_pb_divider_internal sepdein&quot;&gt;&lt;\/div&gt;&lt;\/div&gt;[\/et_pb_code][\/et_pb_column][\/et_pb_row][\/et_pb_section][et_pb_section fb_built=\u00a0\u00bb1&Prime; _builder_version=\u00a0\u00bb3.0.47&Prime;][et_pb_row make_fullwidth=\u00a0\u00bbon\u00a0\u00bb custom_padding=\u00a0\u00bb0px|5%|0px|5%\u00a0\u00bb custom_margin=\u00a0\u00bb0px|0px|0px|0px\u00a0\u00bb make_equal=\u00a0\u00bbon\u00a0\u00bb _builder_version=\u00a0\u00bb3.0.89&Prime;][et_pb_column type=\u00a0\u00bb4_4&Prime; _builder_version=\u00a0\u00bb3.0.47&Prime; parallax=\u00a0\u00bboff\u00a0\u00bb parallax_method=\u00a0\u00bbon\u00a0\u00bb][et_pb_text _builder_version=\u00a0\u00bb3.0.89&Prime;]<\/p>\n<p style=\"text-align: left;\">L\u2019objectif de notre r\u00e9sidence canine est de cr\u00e9er les conditions id\u00e9ales au s\u00e9jour de votre animal de compagnie pour que celui-ci se d\u00e9roule de mani\u00e8re relaxante, confortable et sans stress. Sur place, chaque animal fera l\u2019objet d\u2019une attention personnalis\u00e9e pour que vous ayez l\u2019absolue tranquillit\u00e9 d\u2019esprit de l\u2019avoir confier dans les meilleures mains.<br \/>\nAinsi, pour l&rsquo;exercice quotidien, adoss\u00e9es aux maisonnettes de repos sont pr\u00e9vues de larges zones de r\u00e9cr\u00e9ation munies des barri\u00e8res espac\u00e9es permettant ainsi \u00e0 l\u2019animal de visionner les alentours et de minimiser son stress.<br \/>\nDe plus, la r\u00e9sidence elle-m\u00eame est situ\u00e9e dans une zone champ\u00eatre arbor\u00e9e, dot\u00e9e aussi d\u2019une abondante v\u00e9g\u00e9tation et retir\u00e9e du bruit.<br \/>\nTout cela bien s\u00fbr toujours sous la vigilance attentive de l\u2019\u00e9quipe m\u00e9dicale qui interviendra imm\u00e9diatement pour solutionner n\u2019importe quel probl\u00e8me pouvant survenir durant le s\u00e9jour de votre prot\u00e9g\u00e9.[\/et_pb_text][\/et_pb_column][\/et_pb_row][\/et_pb_section][et_pb_section fb_built=\u00a0\u00bb1&Prime; _builder_version=\u00a0\u00bb3.0.89&Prime; custom_margin=\u00a0\u00bb0px|0px|0px|0px\u00a0\u00bb custom_padding=\u00a0\u00bb0px|0px|0px|0px\u00a0\u00bb][et_pb_row make_fullwidth=\u00a0\u00bbon\u00a0\u00bb custom_padding=\u00a0\u00bb0px|0px|0px|0px\u00a0\u00bb custom_margin=\u00a0\u00bb0px|0px|0px|0px\u00a0\u00bb make_equal=\u00a0\u00bbon\u00a0\u00bb _builder_version=\u00a0\u00bb3.0.89&Prime;][et_pb_column type=\u00a0\u00bb4_4&Prime; _builder_version=\u00a0\u00bb3.0.47&Prime; parallax=\u00a0\u00bboff\u00a0\u00bb parallax_method=\u00a0\u00bbon\u00a0\u00bb][et_pb_slider _builder_version=\u00a0\u00bb3.0.99&Prime; box_shadow_style=\u00a0\u00bbpreset6&Prime; box_shadow_blur=\u00a0\u00bb10px\u00a0\u00bb box_shadow_color=\u00a0\u00bbrgba(0,0,0,0.1)\u00a0\u00bb custom_padding=\u00a0\u00bb450px||450px|\u00a0\u00bb auto=\u00a0\u00bbon\u00a0\u00bb auto_speed=\u00a0\u00bb5000&Prime; show_inner_shadow=\u00a0\u00bbon\u00a0\u00bb][et_pb_slide use_bg_overlay=\u00a0\u00bboff\u00a0\u00bb use_text_overlay=\u00a0\u00bboff\u00a0\u00bb _builder_version=\u00a0\u00bb3.2&Prime; background_color=\u00a0\u00bb#ffffff\u00a0\u00bb background_image=\u00a0\u00bbhttps:\/\/aliagavet.net\/wp-content\/uploads\/2017\/12\/Con-cesped.jpg\u00a0\u00bb][\/et_pb_slide][et_pb_slide use_bg_overlay=\u00a0\u00bboff\u00a0\u00bb use_text_overlay=\u00a0\u00bboff\u00a0\u00bb _builder_version=\u00a0\u00bb3.2&Prime; background_color=\u00a0\u00bb#ffffff\u00a0\u00bb background_image=\u00a0\u00bbhttps:\/\/aliagavet.net\/wp-content\/uploads\/2017\/12\/ENCUADRE-RESI-1-de-1.jpg\u00a0\u00bb][\/et_pb_slide][et_pb_slide use_bg_overlay=\u00a0\u00bboff\u00a0\u00bb use_text_overlay=\u00a0\u00bboff\u00a0\u00bb _builder_version=\u00a0\u00bb3.2&Prime; background_color=\u00a0\u00bb#ffffff\u00a0\u00bb background_image=\u00a0\u00bbhttps:\/\/aliagavet.net\/wp-content\/uploads\/2017\/12\/ENCUADRE-RESI-3-1-de-1.jpg\u00a0\u00bb][\/et_pb_slide][et_pb_slide use_bg_overlay=\u00a0\u00bboff\u00a0\u00bb use_text_overlay=\u00a0\u00bboff\u00a0\u00bb _builder_version=\u00a0\u00bb3.2&Prime; background_color=\u00a0\u00bb#ffffff\u00a0\u00bb background_image=\u00a0\u00bbhttps:\/\/aliagavet.net\/wp-content\/uploads\/2017\/12\/P1220813.jpg\u00a0\u00bb][\/et_pb_slide][et_pb_slide use_bg_overlay=\u00a0\u00bboff\u00a0\u00bb use_text_overlay=\u00a0\u00bboff\u00a0\u00bb _builder_version=\u00a0\u00bb3.2&Prime; background_color=\u00a0\u00bb#ffffff\u00a0\u00bb background_image=\u00a0\u00bbhttps:\/\/aliagavet.net\/wp-content\/uploads\/2017\/12\/Patio-con-cesped.jpg\u00a0\u00bb][\/et_pb_slide][et_pb_slide use_bg_overlay=\u00a0\u00bboff\u00a0\u00bb use_text_overlay=\u00a0\u00bboff\u00a0\u00bb _builder_version=\u00a0\u00bb3.2&Prime; background_color=\u00a0\u00bb#ffffff\u00a0\u00bb background_image=\u00a0\u00bbhttps:\/\/aliagavet.net\/wp-content\/uploads\/2017\/12\/Sin-t\u00edtulo-2.jpg\u00a0\u00bb][\/et_pb_slide][et_pb_slide use_bg_overlay=\u00a0\u00bboff\u00a0\u00bb use_text_overlay=\u00a0\u00bboff\u00a0\u00bb _builder_version=\u00a0\u00bb3.2&Prime; background_color=\u00a0\u00bb#ffffff\u00a0\u00bb background_image=\u00a0\u00bbhttps:\/\/aliagavet.net\/wp-content\/uploads\/2017\/12\/Sin-t\u00edtulo-3.jpg\u00a0\u00bb][\/et_pb_slide][\/et_pb_slider][\/et_pb_column][\/et_pb_row][\/et_pb_section][et_pb_section fb_built=\u00a0\u00bb1&Prime; _builder_version=\u00a0\u00bb3.0.89&Prime; background_image=\u00a0\u00bbhttps:\/\/aliagavet.net\/wp-content\/uploads\/2017\/12\/residencia-canina-textura.jpg\u00a0\u00bb][et_pb_row _builder_version=\u00a0\u00bb3.13.1&Prime; background_size=\u00a0\u00bbinitial\u00a0\u00bb background_position=\u00a0\u00bbtop_left\u00a0\u00bb background_repeat=\u00a0\u00bbrepeat\u00a0\u00bb][et_pb_column type=\u00a0\u00bb4_4&Prime; _builder_version=\u00a0\u00bb3.0.47&Prime; parallax=\u00a0\u00bboff\u00a0\u00bb parallax_method=\u00a0\u00bbon\u00a0\u00bb][et_pb_text _builder_version=\u00a0\u00bb3.13.1&Prime;]<\/p>\n<h2 class=\"colorverde\" style=\"text-align: center;\">PRIX DES S\u00c9JOURS<\/h2>\n<p>[\/et_pb_text][et_pb_text _builder_version=\u00a0\u00bb3.13.1&Prime;]<\/p>\n<p style=\"text-align: center;\">Petit chien 17.00 \u20ac \/jour<br \/> Chien Moyen 19.00 \u20ac \/jour<br \/> Grand chien 21 \u20ac \/jour<br \/> Deux chiens -10%<br \/> *Si les animaux sont repris en soir\u00e9e, le prix de la journ\u00e9e sera d\u00fb.<\/p>\n<p>[\/et_pb_text][et_pb_button button_url=\u00a0\u00bbhttp:\/\/gestionresidencia.com\/gestion_aliaga\/reservas\/reserva_online.php\u00a0\u00bb button_text=\u00a0\u00bbR\u00e9servez\u00a0\u00bb button_alignment=\u00a0\u00bbcenter\u00a0\u00bb _builder_version=\u00a0\u00bb3.0.89&Prime; custom_button=\u00a0\u00bbon\u00a0\u00bb button_text_color=\u00a0\u00bb#a5a5a5&Prime; button_bg_color=\u00a0\u00bb#508b39&Prime; button_border_color=\u00a0\u00bb#508b39&Prime; button_use_icon=\u00a0\u00bboff\u00a0\u00bb button_text_color_hover=\u00a0\u00bb#508b39&Prime; button_bg_color_hover=\u00a0\u00bb#a5a5a5&Prime;][\/et_pb_button][et_pb_text _builder_version=\u00a0\u00bb3.13.1&Prime;]<\/p>\n<p style=\"text-align: center;\">&#8211; Le prix comprend : le s\u00e9jour, la nourriture, les articles m\u00e9nagers, le chauffage pour les chiens.<br \/>&#8211; Le prix NE COMPREND PAS les soins m\u00e9dicaux pour des raisons non li\u00e9es au s\u00e9jour, les r\u00e9gimes sp\u00e9ciaux, les bains, le transport&#8230;<br \/>&#8211; Des lits peuvent \u00eatre apport\u00e9s pour familiariser l&rsquo;animal \u00e0 son environnement.<br \/>&#8211; Les prolongations de s\u00e9jour sont soumises \u00e0 la disponibilit\u00e9.<\/p>\n<p style=\"text-align: center;\">\n<p style=\"text-align: center;\">Dates Haute Saison 1\u20ac par jour de suppl\u00e9ment\/animal.<br \/>Du 10 avril au 20 avril.<br \/>Du 1er ao\u00fbt au 31 ao\u00fbt<br \/>Du 15 d\u00e9cembre au 15 janvier.<\/p>\n<p>[\/et_pb_text][et_pb_text _builder_version=\u00a0\u00bb3.0.89&Prime;]<\/p>\n<h2 class=\"colorverde\" style=\"text-align: center;\">Heures d&rsquo;entr\u00e9e et de sortie<\/h2>\n<p style=\"text-align: center;\"><strong>Du lundi au samedi de:<\/strong><br \/>\n 9.00 a 13.00 horas et de 17.00 a 19.00 heures<br \/>\n<strong>Dimanche et jours f\u00e9ri\u00e9s<\/strong><br \/>\n 9.00 a 11.00 heures et de 18.00 a 19.00 heures<\/p>\n<p>[\/et_pb_text][et_pb_text _builder_version=\u00a0\u00bb3.0.89&Prime;]<\/p>\n<p><img loading=\"lazy\" decoding=\"async\" class=\"size-full wp-image-818 aligncenter\" src=\"https:\/\/aliagavet.net\/wp-content\/uploads\/2017\/12\/excla.png\" alt=\"\" width=\"128\" height=\"128\" \/><\/p>\n<p>Pour s\u00e9journer \u00e0 la r\u00e9sidence, votre animal doit \u00eatre vermifug\u00e9, avoir ses vaccins \u00e0 jour et \u00eatre identifi\u00e9. Toute mise \u00e0 jour peut \u00eatre effectu\u00e9e dans votre centre v\u00e9t\u00e9rinaire habituel avant votre arriv\u00e9e ou \u00e9ventuellement dans notre centre.<\/p>\n<p>[\/et_pb_text][\/et_pb_column][\/et_pb_row][\/et_pb_section][et_pb_section fb_built=\u00a0\u00bb1&Prime; _builder_version=\u00a0\u00bb3.0.89&Prime; background_color=\u00a0\u00bb#508b39&Prime; custom_margin=\u00a0\u00bb0px|0px|0px|0px\u00a0\u00bb custom_padding=\u00a0\u00bb0px|0px|0px|0px\u00a0\u00bb][et_pb_row make_fullwidth=\u00a0\u00bbon\u00a0\u00bb make_equal=\u00a0\u00bbon\u00a0\u00bb _builder_version=\u00a0\u00bb3.0.89&Prime;][et_pb_column type=\u00a0\u00bb4_4&Prime; _builder_version=\u00a0\u00bb3.0.47&Prime; parallax=\u00a0\u00bboff\u00a0\u00bb parallax_method=\u00a0\u00bbon\u00a0\u00bb][et_pb_text _builder_version=\u00a0\u00bb3.0.89&Prime;]<\/p>\n<h2 class=\"colorgris\" style=\"text-align: center;\">Responsables r\u00e9sidences\u00a0(665 616 733)<\/h2>\n<p>[\/et_pb_text][\/et_pb_column][\/et_pb_row][et_pb_row make_fullwidth=\u00a0\u00bbon\u00a0\u00bb make_equal=\u00a0\u00bbon\u00a0\u00bb _builder_version=\u00a0\u00bb3.0.89&Prime;][et_pb_column type=\u00a0\u00bb1_4&Prime; _builder_version=\u00a0\u00bb3.0.47&Prime; parallax=\u00a0\u00bboff\u00a0\u00bb parallax_method=\u00a0\u00bbon\u00a0\u00bb][\/et_pb_column][et_pb_column type=\u00a0\u00bb1_4&Prime; _builder_version=\u00a0\u00bb3.0.47&Prime; parallax=\u00a0\u00bboff\u00a0\u00bb parallax_method=\u00a0\u00bbon\u00a0\u00bb][et_pb_text _builder_version=\u00a0\u00bb3.0.89&Prime; custom_padding=\u00a0\u00bb5%|5%|5%|5%\u00a0\u00bb]<\/p>\n<p class=\"colorgris\" style=\"text-align: left;\">Les responsables de cette section montrent amoureux des animaux comme le reste de l\u2019\u00e9quipe. Ils fournissent des soins professionnels \u00e0 chacun de leurs r\u00e9sidents en respectant les caract\u00e9ristiques sp\u00e9cifiques de chaque race ou caract\u00e8re.<br \/>\nA ce sujet, l\u2019affection que leur t\u00e9moignent les animaux (Voir photos) parle d\u2019ailleurs elle-m\u00eame.<\/p>\n<p>[\/et_pb_text][\/et_pb_column][et_pb_column type=\u00a0\u00bb1_4&Prime; _builder_version=\u00a0\u00bb3.0.47&Prime; parallax=\u00a0\u00bboff\u00a0\u00bb parallax_method=\u00a0\u00bbon\u00a0\u00bb][et_pb_text _builder_version=\u00a0\u00bb3.0.89&Prime; custom_padding=\u00a0\u00bb5%|5%|5%|5%\u00a0\u00bb]<a href=\"tel:655616733\"><img loading=\"lazy\" decoding=\"async\" class=\"alignnone size-medium wp-image-398 aligncenter\" src=\"https:\/\/aliagavet.net\/wp-content\/uploads\/2017\/12\/plantilla-para-consulta-disponibilidad-5.jpg\" alt=\"\" width=\"300\" height=\"120\"><\/a>[\/et_pb_text][\/et_pb_column][et_pb_column type=\u00a0\u00bb1_4&Prime; _builder_version=\u00a0\u00bb3.0.47&Prime; parallax=\u00a0\u00bboff\u00a0\u00bb parallax_method=\u00a0\u00bbon\u00a0\u00bb][\/et_pb_column][\/et_pb_row][\/et_pb_section]<\/p>\n","protected":false},"excerpt":{"rendered":"<p>[et_pb_section fb_built=\u00a0\u00bb1&Prime; _builder_version=\u00a0\u00bb3.0.89&Prime; background_image=\u00a0\u00bbhttps:\/\/aliagavet.net\/wp-content\/uploads\/2017\/12\/cabecera_pagina_interna_residencia_canina.jpg\u00a0\u00bb custom_margin=\u00a0\u00bb0px|0px|0px|0px\u00a0\u00bb custom_padding=\u00a0\u00bb0px|0px|700px|0px\u00a0\u00bb][et_pb_row make_fullwidth=\u00a0\u00bbon\u00a0\u00bb make_equal=\u00a0\u00bbon\u00a0\u00bb _builder_version=\u00a0\u00bb3.0.89&Prime; background_color=\u00a0\u00bb#ffffff\u00a0\u00bb][et_pb_column type=\u00a0\u00bb4_4&Prime; _builder_version=\u00a0\u00bb3.0.47&Prime; parallax=\u00a0\u00bboff\u00a0\u00bb parallax_method=\u00a0\u00bbon\u00a0\u00bb][et_pb_text _builder_version=\u00a0\u00bb3.0.89&Prime;] R\u00c9SIDENCE CANINE [\/et_pb_text][\/et_pb_column][\/et_pb_row][et_pb_row make_fullwidth=\u00a0\u00bbon\u00a0\u00bb custom_padding=\u00a0\u00bb0px|0px|0px|0px\u00a0\u00bb custom_margin=\u00a0\u00bb0px|0px|0px|0px\u00a0\u00bb make_equal=\u00a0\u00bbon\u00a0\u00bb _builder_version=\u00a0\u00bb3.0.89&Prime;][et_pb_column type=\u00a0\u00bb1_2&Prime; _builder_version=\u00a0\u00bb3.0.47&Prime; parallax=\u00a0\u00bboff\u00a0\u00bb parallax_method=\u00a0\u00bbon\u00a0\u00bb][et_pb_code _builder_version=\u00a0\u00bb3.0.89&Prime;]&lt;div class=&quot;et_pb_module et_pb_space et_pb_divider et_pb_divider_0 et_pb_divider_position_&quot;&gt;&lt;div class=&quot;et_pb_divider_internal sepizin&quot;&gt;&lt;\/div&gt;&lt;\/div&gt;[\/et_pb_code][\/et_pb_column][et_pb_column type=\u00a0\u00bb1_2&Prime; _builder_version=\u00a0\u00bb3.0.47&Prime; parallax=\u00a0\u00bboff\u00a0\u00bb parallax_method=\u00a0\u00bbon\u00a0\u00bb][et_pb_code _builder_version=\u00a0\u00bb3.0.89&Prime;]&lt;div class=&quot;et_pb_module et_pb_space et_pb_divider et_pb_divider_0 et_pb_divider_position_&quot;&gt;&lt;div class=&quot;et_pb_divider_internal sepdein&quot;&gt;&lt;\/div&gt;&lt;\/div&gt;[\/et_pb_code][\/et_pb_column][\/et_pb_row][\/et_pb_section][et_pb_section fb_built=\u00a0\u00bb1&Prime; _builder_version=\u00a0\u00bb3.0.47&Prime;][et_pb_row make_fullwidth=\u00a0\u00bbon\u00a0\u00bb custom_padding=\u00a0\u00bb0px|5%|0px|5%\u00a0\u00bb custom_margin=\u00a0\u00bb0px|0px|0px|0px\u00a0\u00bb make_equal=\u00a0\u00bbon\u00a0\u00bb _builder_version=\u00a0\u00bb3.0.89&Prime;][et_pb_column type=\u00a0\u00bb4_4&Prime; [&hellip;]<\/p>\n","protected":false},"author":1,"featured_media":0,"parent":0,"menu_order":0,"comment_status":"closed","ping_status":"closed","template":"","meta":{"footnotes":""},"class_list":["post-660","page","type-page","status-publish","hentry"],"_links":{"self":[{"href":"https:\/\/aliagavet.net\/fr\/wp-json\/wp\/v2\/pages\/660"}],"collection":[{"href":"https:\/\/aliagavet.net\/fr\/wp-json\/wp\/v2\/pages"}],"about":[{"href":"https:\/\/aliagavet.net\/fr\/wp-json\/wp\/v2\/types\/page"}],"author":[{"embeddable":true,"href":"https:\/\/aliagavet.net\/fr\/wp-json\/wp\/v2\/users\/1"}],"replies":[{"embeddable":true,"href":"https:\/\/aliagavet.net\/fr\/wp-json\/wp\/v2\/comments?post=660"}],"version-history":[{"count":2,"href":"https:\/\/aliagavet.net\/fr\/wp-json\/wp\/v2\/pages\/660\/revisions"}],"predecessor-version":[{"id":1117,"href":"https:\/\/aliagavet.net\/fr\/wp-json\/wp\/v2\/pages\/660\/revisions\/1117"}],"wp:attachment":[{"href":"https:\/\/aliagavet.net\/fr\/wp-json\/wp\/v2\/media?parent=660"}],"curies":[{"name":"wp","href":"https:\/\/api.w.org\/{rel}","templated":true}]}}