{"id":658,"date":"2017-12-13T15:01:38","date_gmt":"2017-12-13T15:01:38","guid":{"rendered":"https:\/\/aliagavet.net\/?page_id=658"},"modified":"2017-12-20T12:45:12","modified_gmt":"2017-12-20T12:45:12","slug":"coiffure","status":"publish","type":"page","link":"https:\/\/aliagavet.net\/fr\/coiffure\/","title":{"rendered":"COIFFURE"},"content":{"rendered":"<p>[et_pb_section bb_built=\u00a0\u00bb1&Prime; fullwidth=\u00a0\u00bboff\u00a0\u00bb specialty=\u00a0\u00bboff\u00a0\u00bb _builder_version=\u00a0\u00bb3.0.89&Prime; custom_padding=\u00a0\u00bb0px|0px|700px|0px\u00a0\u00bb background_image=\u00a0\u00bbhttps:\/\/aliagavet.net\/wp-content\/uploads\/2017\/12\/PELUQUERIA.jpg\u00a0\u00bb custom_margin=\u00a0\u00bb0px|0px|0px|0px\u00a0\u00bb][et_pb_row _builder_version=\u00a0\u00bb3.0.89&Prime; make_fullwidth=\u00a0\u00bbon\u00a0\u00bb make_equal=\u00a0\u00bbon\u00a0\u00bb background_color=\u00a0\u00bb#ffffff\u00a0\u00bb][et_pb_column type=\u00a0\u00bb4_4&Prime;][et_pb_text _builder_version=\u00a0\u00bb3.0.89&Prime; background_layout=\u00a0\u00bblight\u00a0\u00bb]<\/p>\n<h2 class=\"colorverde textoimgrc\" style=\"text-align: center;\">COIFFURE<\/h2>\n<p>[\/et_pb_text][\/et_pb_column][\/et_pb_row][\/et_pb_section][et_pb_section bb_built=\u00a0\u00bb1&Prime; fullwidth=\u00a0\u00bboff\u00a0\u00bb specialty=\u00a0\u00bboff\u00a0\u00bb _builder_version=\u00a0\u00bb3.0.89&Prime; custom_margin=\u00a0\u00bb0px|0px|0px|0px\u00a0\u00bb custom_padding=\u00a0\u00bb0px|0px|0px|0px\u00a0\u00bb][et_pb_row _builder_version=\u00a0\u00bb3.0.89&Prime; make_fullwidth=\u00a0\u00bbon\u00a0\u00bb make_equal=\u00a0\u00bbon\u00a0\u00bb custom_margin=\u00a0\u00bb0px||0px|\u00a0\u00bb custom_padding=\u00a0\u00bb0px||0px|\u00a0\u00bb padding_top_1=\u00a0\u00bb0px\u00a0\u00bb padding_right_1=\u00a0\u00bb0px\u00a0\u00bb padding_bottom_1=\u00a0\u00bb0px\u00a0\u00bb padding_left_1=\u00a0\u00bb0px\u00a0\u00bb padding_top_2=\u00a0\u00bb0px\u00a0\u00bb padding_right_2=\u00a0\u00bb0px\u00a0\u00bb padding_bottom_2=\u00a0\u00bb0px\u00a0\u00bb padding_left_2=\u00a0\u00bb0px\u00a0\u00bb][et_pb_column type=\u00a0\u00bb1_2&Prime;][et_pb_text _builder_version=\u00a0\u00bb3.0.89&Prime; background_layout=\u00a0\u00bblight\u00a0\u00bb custom_padding=\u00a0\u00bb15%|5%|5%|5%\u00a0\u00bb]<\/p>\n<p style=\"text-align: center;\"><span class=\"colorverde tnombre \">Carolina Cano<\/span>une professionnelle jeune et exp\u00e9riment\u00e9e, dirige le service de coiffure. Le travail avec les animaux domestiques est compl\u00e9tement personnalis\u00e9, selon les besoins et le caract\u00e8re de chacun. Sa grande professionnalit\u00e9 fera du passage par le salon une exp\u00e9rience agr\u00e9able, positive et livre de stress.<\/p>\n<p>\n&nbsp;<\/p>\n<h4 class=\"colorverde\" style=\"text-align: center;\">Le tr\u00e8s grand degr\u00e9 de satisfaction des clients est un bon \u00e9chantillon de son excellent travail.<\/h4>\n<p>[\/et_pb_text][et_pb_text _builder_version=\u00a0\u00bb3.0.89&Prime; background_layout=\u00a0\u00bblight\u00a0\u00bb custom_padding=\u00a0\u00bb10%|||\u00a0\u00bb]<\/p>\n<p><a href=\"https:\/\/aliagavet.net\/fr\/contact\/\"><img loading=\"lazy\" decoding=\"async\" class=\"aligncenter wp-image-483 size-full\" src=\"https:\/\/aliagavet.net\/wp-content\/uploads\/2017\/12\/PATA_FR.png\" alt=\"\" width=\"300\" height=\"158\" \/><\/a><\/p>\n<p>[\/et_pb_text][\/et_pb_column][et_pb_column type=\u00a0\u00bb1_2&Prime;][et_pb_image _builder_version=\u00a0\u00bb3.0.89&Prime; src=\u00a0\u00bbhttps:\/\/aliagavet.net\/wp-content\/uploads\/2017\/12\/carol_peluqueria-1.jpg\u00a0\u00bb show_in_lightbox=\u00a0\u00bboff\u00a0\u00bb url_new_window=\u00a0\u00bboff\u00a0\u00bb use_overlay=\u00a0\u00bboff\u00a0\u00bb always_center_on_mobile=\u00a0\u00bbon\u00a0\u00bb force_fullwidth=\u00a0\u00bboff\u00a0\u00bb show_bottom_space=\u00a0\u00bbon\u00a0\u00bb \/][\/et_pb_column][\/et_pb_row][\/et_pb_section]<\/p>\n","protected":false},"excerpt":{"rendered":"<p>[et_pb_section bb_built=\u00a0\u00bb1&Prime; fullwidth=\u00a0\u00bboff\u00a0\u00bb specialty=\u00a0\u00bboff\u00a0\u00bb _builder_version=\u00a0\u00bb3.0.89&Prime; custom_padding=\u00a0\u00bb0px|0px|700px|0px\u00a0\u00bb background_image=\u00a0\u00bbhttps:\/\/aliagavet.net\/wp-content\/uploads\/2017\/12\/PELUQUERIA.jpg\u00a0\u00bb custom_margin=\u00a0\u00bb0px|0px|0px|0px\u00a0\u00bb][et_pb_row _builder_version=\u00a0\u00bb3.0.89&Prime; make_fullwidth=\u00a0\u00bbon\u00a0\u00bb make_equal=\u00a0\u00bbon\u00a0\u00bb background_color=\u00a0\u00bb#ffffff\u00a0\u00bb][et_pb_column type=\u00a0\u00bb4_4&Prime;][et_pb_text _builder_version=\u00a0\u00bb3.0.89&Prime; background_layout=\u00a0\u00bblight\u00a0\u00bb] COIFFURE [\/et_pb_text][\/et_pb_column][\/et_pb_row][\/et_pb_section][et_pb_section bb_built=\u00a0\u00bb1&Prime; fullwidth=\u00a0\u00bboff\u00a0\u00bb specialty=\u00a0\u00bboff\u00a0\u00bb _builder_version=\u00a0\u00bb3.0.89&Prime; custom_margin=\u00a0\u00bb0px|0px|0px|0px\u00a0\u00bb custom_padding=\u00a0\u00bb0px|0px|0px|0px\u00a0\u00bb][et_pb_row _builder_version=\u00a0\u00bb3.0.89&Prime; make_fullwidth=\u00a0\u00bbon\u00a0\u00bb make_equal=\u00a0\u00bbon\u00a0\u00bb custom_margin=\u00a0\u00bb0px||0px|\u00a0\u00bb custom_padding=\u00a0\u00bb0px||0px|\u00a0\u00bb padding_top_1=\u00a0\u00bb0px\u00a0\u00bb padding_right_1=\u00a0\u00bb0px\u00a0\u00bb padding_bottom_1=\u00a0\u00bb0px\u00a0\u00bb padding_left_1=\u00a0\u00bb0px\u00a0\u00bb padding_top_2=\u00a0\u00bb0px\u00a0\u00bb padding_right_2=\u00a0\u00bb0px\u00a0\u00bb padding_bottom_2=\u00a0\u00bb0px\u00a0\u00bb padding_left_2=\u00a0\u00bb0px\u00a0\u00bb][et_pb_column type=\u00a0\u00bb1_2&Prime;][et_pb_text _builder_version=\u00a0\u00bb3.0.89&Prime; background_layout=\u00a0\u00bblight\u00a0\u00bb custom_padding=\u00a0\u00bb15%|5%|5%|5%\u00a0\u00bb] Carolina Canoune professionnelle jeune et exp\u00e9riment\u00e9e, dirige le service de coiffure. Le travail avec les [&hellip;]<\/p>\n","protected":false},"author":1,"featured_media":0,"parent":0,"menu_order":0,"comment_status":"closed","ping_status":"closed","template":"","meta":{"footnotes":""},"class_list":["post-658","page","type-page","status-publish","hentry"],"_links":{"self":[{"href":"https:\/\/aliagavet.net\/fr\/wp-json\/wp\/v2\/pages\/658"}],"collection":[{"href":"https:\/\/aliagavet.net\/fr\/wp-json\/wp\/v2\/pages"}],"about":[{"href":"https:\/\/aliagavet.net\/fr\/wp-json\/wp\/v2\/types\/page"}],"author":[{"embeddable":true,"href":"https:\/\/aliagavet.net\/fr\/wp-json\/wp\/v2\/users\/1"}],"replies":[{"embeddable":true,"href":"https:\/\/aliagavet.net\/fr\/wp-json\/wp\/v2\/comments?post=658"}],"version-history":[{"count":0,"href":"https:\/\/aliagavet.net\/fr\/wp-json\/wp\/v2\/pages\/658\/revisions"}],"wp:attachment":[{"href":"https:\/\/aliagavet.net\/fr\/wp-json\/wp\/v2\/media?parent=658"}],"curies":[{"name":"wp","href":"https:\/\/api.w.org\/{rel}","templated":true}]}}