{"id":652,"date":"2017-12-13T14:58:46","date_gmt":"2017-12-13T14:58:46","guid":{"rendered":"https:\/\/aliagavet.net\/?page_id=652"},"modified":"2023-08-10T11:56:59","modified_gmt":"2023-08-10T11:56:59","slug":"contact","status":"publish","type":"page","link":"https:\/\/aliagavet.net\/fr\/contact\/","title":{"rendered":"CONTACT"},"content":{"rendered":"<p>[et_pb_section bb_built=\u00a0\u00bb1&Prime; _builder_version=\u00a0\u00bb3.0.89&Prime; custom_padding=\u00a0\u00bb300px||300px|\u00a0\u00bb background_image=\u00a0\u00bbhttps:\/\/aliagavet.net\/wp-content\/uploads\/2017\/12\/contacto.jpg\u00a0\u00bb][et_pb_row][et_pb_column type=\u00a0\u00bb4_4&Prime;][\/et_pb_column][\/et_pb_row][\/et_pb_section][et_pb_section bb_built=\u00a0\u00bb1&Prime; fullwidth=\u00a0\u00bboff\u00a0\u00bb specialty=\u00a0\u00bboff\u00a0\u00bb _builder_version=\u00a0\u00bb3.0.89&Prime; custom_margin=\u00a0\u00bb0px|0px|0px|0px\u00a0\u00bb custom_padding=\u00a0\u00bb0px|0px|0px|0px\u00a0\u00bb][et_pb_row _builder_version=\u00a0\u00bb3.0.89&Prime; make_fullwidth=\u00a0\u00bbon\u00a0\u00bb make_equal=\u00a0\u00bbon\u00a0\u00bb custom_margin=\u00a0\u00bb0px|0px|0px|0px\u00a0\u00bb custom_padding=\u00a0\u00bb0px|0px|0px|0px\u00a0\u00bb padding_top_1=\u00a0\u00bb2%\u00a0\u00bb padding_right_1=\u00a0\u00bb5%\u00a0\u00bb padding_bottom_1=\u00a0\u00bb2%\u00a0\u00bb padding_left_1=\u00a0\u00bb20%\u00a0\u00bb][et_pb_column type=\u00a0\u00bb1_2&Prime;][et_pb_text _builder_version=\u00a0\u00bb3.0.89&Prime; background_layout=\u00a0\u00bblight\u00a0\u00bb]<\/p>\n<h2 class=\"colorgriso\">CONTACT<\/h2>\n<p>[\/et_pb_text][et_pb_text _builder_version=\u00a0\u00bb3.0.89&Prime; background_layout=\u00a0\u00bblight\u00a0\u00bb]<\/p>\n<h3 class=\"colorgriso\"><a href=\"tel:965 741 263\"><img loading=\"lazy\" decoding=\"async\" class=\"alignnone wp-image-542\" src=\"https:\/\/aliagavet.net\/wp-content\/uploads\/2017\/12\/PHONE-GRIS-OSCURO.png\" alt=\"\" width=\"50\" height=\"50\" srcset=\"https:\/\/aliagavet.net\/wp-content\/uploads\/2017\/12\/PHONE-GRIS-OSCURO.png 240w, https:\/\/aliagavet.net\/wp-content\/uploads\/2017\/12\/PHONE-GRIS-OSCURO-150x150.png 150w\" sizes=\"(max-width: 50px) 100vw, 50px\" \/> + 34 965 741 263<\/a><\/h3>\n<p><a href=\"mailto:clinica@aliagavet.net\"><img loading=\"lazy\" decoding=\"async\" class=\"alignnone size-full wp-image-541\" src=\"https:\/\/aliagavet.net\/wp-content\/uploads\/2017\/12\/mail_GRIS_oscuro.png\" alt=\"\" width=\"50\" height=\"50\" srcset=\"https:\/\/aliagavet.net\/wp-content\/uploads\/2017\/12\/mail_GRIS_oscuro.png 256w, https:\/\/aliagavet.net\/wp-content\/uploads\/2017\/12\/mail_GRIS_oscuro-150x150.png 150w\" sizes=\"(max-width: 50px) 100vw, 50px\" \/> clinica@aliagavet.net<\/a><\/p>\n<p>[\/et_pb_text][et_pb_text _builder_version=\u00a0\u00bb3.0.89&Prime; background_layout=\u00a0\u00bblight\u00a0\u00bb]<\/p>\n<h3 class=\"colorgriso\">HORAIRE<\/h3>\n<p>Du lundi au vendredi de 9h \u00e0 16h<br \/>\nSamedi de 10h \u00e0 13h<\/p>\n<h3 class=\"colorgriso\">Heures (r\u00e9sidence)<\/h3>\n<p>Du lundi au samedi<br \/>\nde 9h \u00e0 13h et de 17h \u00e0 19h<br \/>\nDimanche et jours f\u00e9ri\u00e9s<br \/>\nde 9h \u00e0 11h et de 18h \u00e0 19h<\/p>\n<h3 class=\"colorgriso\">ADRESSE<\/h3>\n<p>Ctra. Teulada-Moraira 17<br \/>\nTeulada &#8211; Alicante<br \/>\n03725<\/p>\n<p>[\/et_pb_text][\/et_pb_column][et_pb_column type=\u00a0\u00bb1_2&Prime;][et_pb_image _builder_version=\u00a0\u00bb3.0.89&Prime; src=\u00a0\u00bbhttps:\/\/aliagavet.net\/wp-content\/uploads\/2017\/12\/cont.jpg\u00a0\u00bb show_in_lightbox=\u00a0\u00bboff\u00a0\u00bb url_new_window=\u00a0\u00bboff\u00a0\u00bb use_overlay=\u00a0\u00bboff\u00a0\u00bb always_center_on_mobile=\u00a0\u00bbon\u00a0\u00bb force_fullwidth=\u00a0\u00bboff\u00a0\u00bb show_bottom_space=\u00a0\u00bbon\u00a0\u00bb \/][\/et_pb_column][\/et_pb_row][\/et_pb_section]<\/p>\n","protected":false},"excerpt":{"rendered":"<p>[et_pb_section bb_built=\u00a0\u00bb1&Prime; _builder_version=\u00a0\u00bb3.0.89&Prime; custom_padding=\u00a0\u00bb300px||300px|\u00a0\u00bb background_image=\u00a0\u00bbhttps:\/\/aliagavet.net\/wp-content\/uploads\/2017\/12\/contacto.jpg\u00a0\u00bb][et_pb_row][et_pb_column type=\u00a0\u00bb4_4&Prime;][\/et_pb_column][\/et_pb_row][\/et_pb_section][et_pb_section bb_built=\u00a0\u00bb1&Prime; fullwidth=\u00a0\u00bboff\u00a0\u00bb specialty=\u00a0\u00bboff\u00a0\u00bb _builder_version=\u00a0\u00bb3.0.89&Prime; custom_margin=\u00a0\u00bb0px|0px|0px|0px\u00a0\u00bb custom_padding=\u00a0\u00bb0px|0px|0px|0px\u00a0\u00bb][et_pb_row _builder_version=\u00a0\u00bb3.0.89&Prime; make_fullwidth=\u00a0\u00bbon\u00a0\u00bb make_equal=\u00a0\u00bbon\u00a0\u00bb custom_margin=\u00a0\u00bb0px|0px|0px|0px\u00a0\u00bb custom_padding=\u00a0\u00bb0px|0px|0px|0px\u00a0\u00bb padding_top_1=\u00a0\u00bb2%\u00a0\u00bb padding_right_1=\u00a0\u00bb5%\u00a0\u00bb padding_bottom_1=\u00a0\u00bb2%\u00a0\u00bb padding_left_1=\u00a0\u00bb20%\u00a0\u00bb][et_pb_column type=\u00a0\u00bb1_2&Prime;][et_pb_text _builder_version=\u00a0\u00bb3.0.89&Prime; background_layout=\u00a0\u00bblight\u00a0\u00bb] CONTACT [\/et_pb_text][et_pb_text _builder_version=\u00a0\u00bb3.0.89&Prime; background_layout=\u00a0\u00bblight\u00a0\u00bb] + 34 965 741 263 clinica@aliagavet.net [\/et_pb_text][et_pb_text _builder_version=\u00a0\u00bb3.0.89&Prime; background_layout=\u00a0\u00bblight\u00a0\u00bb] HORAIRE Du lundi au vendredi de 9h \u00e0 16h Samedi de 10h \u00e0 13h Heures (r\u00e9sidence) Du lundi [&hellip;]<\/p>\n","protected":false},"author":1,"featured_media":0,"parent":0,"menu_order":0,"comment_status":"closed","ping_status":"closed","template":"","meta":{"footnotes":""},"class_list":["post-652","page","type-page","status-publish","hentry"],"_links":{"self":[{"href":"https:\/\/aliagavet.net\/fr\/wp-json\/wp\/v2\/pages\/652"}],"collection":[{"href":"https:\/\/aliagavet.net\/fr\/wp-json\/wp\/v2\/pages"}],"about":[{"href":"https:\/\/aliagavet.net\/fr\/wp-json\/wp\/v2\/types\/page"}],"author":[{"embeddable":true,"href":"https:\/\/aliagavet.net\/fr\/wp-json\/wp\/v2\/users\/1"}],"replies":[{"embeddable":true,"href":"https:\/\/aliagavet.net\/fr\/wp-json\/wp\/v2\/comments?post=652"}],"version-history":[{"count":0,"href":"https:\/\/aliagavet.net\/fr\/wp-json\/wp\/v2\/pages\/652\/revisions"}],"wp:attachment":[{"href":"https:\/\/aliagavet.net\/fr\/wp-json\/wp\/v2\/media?parent=652"}],"curies":[{"name":"wp","href":"https:\/\/api.w.org\/{rel}","templated":true}]}}