{"id":725,"date":"2017-12-14T12:14:06","date_gmt":"2017-12-14T12:14:06","guid":{"rendered":"https:\/\/aliagavet.net\/?page_id=725"},"modified":"2019-02-14T09:22:22","modified_gmt":"2019-02-14T09:22:22","slug":"aguility-educacion-canina","status":"publish","type":"page","link":"https:\/\/aliagavet.net\/de\/aguility-educacion-canina\/","title":{"rendered":"HUNDEAUSBILDUNG HUNDETRAINER"},"content":{"rendered":"<p>[et_pb_section bb_built=&#8220;1&#8243; fullwidth=&#8220;off&#8220; specialty=&#8220;off&#8220; _builder_version=&#8220;3.0.89&#8243; custom_padding=&#8220;0px|0px|700px|0px&#8220; background_image=&#8220;https:\/\/aliagavet.net\/wp-content\/uploads\/2017\/12\/CABECERA.jpg&#8220; custom_margin=&#8220;0px|0px|0px|0px&#8220; next_background_color=&#8220;#ffffff&#8220;][et_pb_row _builder_version=&#8220;3.0.89&#8243; make_fullwidth=&#8220;on&#8220; make_equal=&#8220;on&#8220; background_color=&#8220;#ffffff&#8220;][et_pb_column type=&#8220;4_4&#8243;][et_pb_text _builder_version=&#8220;3.13.1&#8243; background_layout=&#8220;light&#8220;]<\/p>\n<h2 class=\"colorverde textoimgrc\" style=\"text-align: center;\">HUNDEAUSBILDUNG HUNDETRAINER<\/h2>\n<p>[\/et_pb_text][\/et_pb_column][\/et_pb_row][et_pb_row _builder_version=&#8220;3.0.89&#8243; make_fullwidth=&#8220;on&#8220; make_equal=&#8220;on&#8220; custom_margin=&#8220;0px|0px|0px|0px&#8220; custom_padding=&#8220;0px|0px|0px|0px&#8220;][et_pb_column type=&#8220;1_2&#8243;][et_pb_code _builder_version=&#8220;3.0.89&#8243;]&lt;div class=&quot;et_pb_module et_pb_space et_pb_divider et_pb_divider_0 et_pb_divider_position_&quot;&gt;&lt;div class=&quot;et_pb_divider_internal sepizin&quot;&gt;&lt;\/div&gt;&lt;\/div&gt;[\/et_pb_code][\/et_pb_column][et_pb_column type=&#8220;1_2&#8243;][et_pb_code _builder_version=&#8220;3.0.89&#8243;]&lt;div class=&quot;et_pb_module et_pb_space et_pb_divider et_pb_divider_0 et_pb_divider_position_&quot;&gt;&lt;div class=&quot;et_pb_divider_internal sepdein&quot;&gt;&lt;\/div&gt;&lt;\/div&gt;[\/et_pb_code][\/et_pb_column][\/et_pb_row][\/et_pb_section][et_pb_section bb_built=&#8220;1&#8243; fullwidth=&#8220;off&#8220; specialty=&#8220;off&#8220; _builder_version=&#8220;3.0.89&#8243; custom_margin=&#8220;0px|0px|0px|0px&#8220; custom_padding=&#8220;0px|0px|0px|0px&#8220; prev_background_color=&#8220;#000000&#8243; next_background_color=&#8220;#000000&#8243;][et_pb_row _builder_version=&#8220;3.0.89&#8243; make_fullwidth=&#8220;on&#8220;][et_pb_column type=&#8220;4_4&#8243;][et_pb_text _builder_version=&#8220;3.0.89&#8243; background_layout=&#8220;light&#8220;]<\/p>\n<p style=\"text-align: center;\">In unserem Zentrum verf\u00fcgen wir ebenfalls \u00fcber ein Hundetraining oder -erziehungsprogramm, um so unseren Kunden bei der Erziehung Ihrer Vierbeiner zu helfen. Wir arbeiten dabei mit <span class=\"colorverde tnombre\">Adrian Paskuy<\/span>, zusammen, ein vom spanischen Verein der professionellen Hundetrainer ANACP (Asociaci\u00f3n Nacional de Adiestradores Caninos Profesionales) anerkannter Hundetrainer und Ausbilder zum Hundetrainer.<br \/>\nUnser Ausbildungszentrum hat von der spanischen ANACP die Zertifizierung erhalten, um zuk\u00fcnftige Hundetrainer ausbilden zu k\u00f6nnen, wof\u00fcr die erstklassigen Installationen unseres Zentrums genutzt werden.<\/p>\n<p>[\/et_pb_text][\/et_pb_column][\/et_pb_row][\/et_pb_section][et_pb_section bb_built=&#8220;1&#8243; fullwidth=&#8220;off&#8220; specialty=&#8220;off&#8220; _builder_version=&#8220;3.0.89&#8243; background_image=&#8220;https:\/\/aliagavet.net\/wp-content\/uploads\/2017\/12\/textura-para-fondos.jpg&#8220; custom_padding=&#8220;75px||75px|&#8220; prev_background_color=&#8220;#ffffff&#8220; next_background_color=&#8220;#ffffff&#8220;][et_pb_row _builder_version=&#8220;3.0.89&#8243; make_fullwidth=&#8220;on&#8220; make_equal=&#8220;on&#8220;][et_pb_column type=&#8220;4_4&#8243;][\/et_pb_column][\/et_pb_row][\/et_pb_section][et_pb_section bb_built=&#8220;1&#8243; fullwidth=&#8220;off&#8220; specialty=&#8220;off&#8220; _builder_version=&#8220;3.0.89&#8243; custom_margin=&#8220;0px|0px|0px|0px&#8220; custom_padding=&#8220;0px|0px|0px|0px&#8220; prev_background_color=&#8220;#000000&#8243; next_background_color=&#8220;#000000&#8243;][et_pb_row _builder_version=&#8220;3.0.89&#8243; make_fullwidth=&#8220;on&#8220; make_equal=&#8220;on&#8220; custom_padding=&#8220;0px|0px|0px|0px&#8220; custom_margin=&#8220;0px|0px|0px|0px&#8220; padding_top_1=&#8220;2%&#8220; padding_right_1=&#8220;5%&#8220; padding_bottom_1=&#8220;0px&#8220; padding_left_1=&#8220;5%&#8220;][et_pb_column type=&#8220;1_2&#8243;][et_pb_text _builder_version=&#8220;3.13.1&#8243; custom_margin=&#8220;0px|0px|0px|0px&#8220; custom_padding=&#8220;5%|0px|0px|0px&#8220;]<\/p>\n<h2 class=\"colorverde\" style=\"text-align: left;\">GRUND- und FORTGESCHRITTENENAUSBILDUNG \/ AGILITY <\/h2>\n<p>[\/et_pb_text][et_pb_text _builder_version=&#8220;3.13.1&#8243; custom_margin=&#8220;||0px|&#8220; custom_padding=&#8220;||0px|&#8220;]<\/p>\n<p>\u2022 In der Gruppe (Grundausbildung und f\u00fcr Fortgeschrittene, f\u00fcr ausgeglichene und sozialisierte Hunde). Agility und Disc Dog (Spiele mit Frisbee)<br \/>\n    \u2022 Einschreibung 40\u20ac<br \/>\n    \u2022 Beitrag \/ Monat: 25\u20ac<br \/>\n    \u2022 Einzelunterricht<br \/>\n    \u2022 30\u20ac pro Einheit (+\/- 1 Stunde)<\/p>\n<p>[\/et_pb_text][et_pb_text _builder_version=&#8220;3.0.89&#8243; background_layout=&#8220;light&#8220; custom_margin=&#8220;0px||0px|&#8220; custom_padding=&#8220;0px||0px|&#8220;]<\/p>\n<p><a href=\"https:\/\/aliagavet.net\/de\/kontakt\/\"><img loading=\"lazy\" decoding=\"async\" class=\"alignnone wp-image-483 aligncenter\" src=\"https:\/\/aliagavet.net\/wp-content\/uploads\/2017\/12\/PATA_DE.png\" alt=\"\" width=\"250\" height=\"131\"><\/a><\/p>\n<p>[\/et_pb_text][\/et_pb_column][et_pb_column type=&#8220;1_2&#8243;][et_pb_image _builder_version=&#8220;3.0.89&#8243; src=&#8220;https:\/\/aliagavet.net\/wp-content\/uploads\/2017\/12\/agility_1.jpg&#8220; show_in_lightbox=&#8220;off&#8220; url_new_window=&#8220;off&#8220; use_overlay=&#8220;off&#8220; always_center_on_mobile=&#8220;on&#8220; force_fullwidth=&#8220;off&#8220; show_bottom_space=&#8220;on&#8220; \/][\/et_pb_column][\/et_pb_row][\/et_pb_section][et_pb_section bb_built=&#8220;1&#8243; fullwidth=&#8220;off&#8220; specialty=&#8220;off&#8220; _builder_version=&#8220;3.0.89&#8243; custom_margin=&#8220;0px|0px|0px|0px&#8220; custom_padding=&#8220;0px|0px|0px|0px&#8220; prev_background_color=&#8220;#000000&#8243; next_background_color=&#8220;#000000&#8243;][et_pb_row _builder_version=&#8220;3.0.89&#8243; make_fullwidth=&#8220;on&#8220; make_equal=&#8220;on&#8220; custom_margin=&#8220;0px||0px|&#8220; custom_padding=&#8220;0px||0px|&#8220; padding_top_2=&#8220;2%&#8220; padding_right_2=&#8220;5%&#8220; padding_bottom_2=&#8220;0px&#8220; padding_left_2=&#8220;5%&#8220;][et_pb_column type=&#8220;1_2&#8243;][et_pb_image _builder_version=&#8220;3.0.89&#8243; src=&#8220;https:\/\/aliagavet.net\/wp-content\/uploads\/2017\/12\/ciudadano.jpg&#8220; show_in_lightbox=&#8220;off&#8220; url_new_window=&#8220;off&#8220; use_overlay=&#8220;off&#8220; always_center_on_mobile=&#8220;on&#8220; force_fullwidth=&#8220;off&#8220; show_bottom_space=&#8220;on&#8220; \/][\/et_pb_column][et_pb_column type=&#8220;1_2&#8243;][et_pb_text _builder_version=&#8220;3.13.1&#8243; custom_margin=&#8220;||0px|&#8220; custom_padding=&#8220;||0px|&#8220;]<\/p>\n<h2 class=\"colorverde\">KURS CIUDADANO CANINO(vorbildlicher Stadthund)<\/h2>\n<p>[\/et_pb_text][et_pb_text _builder_version=&#8220;3.13.1&#8243; custom_margin=&#8220;||0px|&#8220; custom_padding=&#8220;||0px|&#8220;]<\/p>\n<p>PROGRAMM:<br \/>\n\t1\u00ba. Fremde Personen akzeptieren.<br \/>\n\t2\u00ba. W\u00e4hrend der Begr\u00fc\u00dfung sitzen bleiben.<br \/>\n\t3\u00ba. Von Fremden streicheln Lassen<br \/>\n\t4\u00ba. Neben dem Hundef\u00fchrer herlaufen, mit und ohne Leine.<br \/>\n\t5\u00ba. Spaziergang mit einer Gruppe von Personen.<br \/>\n\t6\u00ba. einfache Befehle wie &#8222;Sitz&#8220;, &#8222;Platz&#8220; und bleib&#8220; aus\u00fcben.<br \/>\n\t7\u00ba. Auf Rufe reagieren.<br \/>\n\t8\u00ba. Anderen Hunden gegen\u00fcber nicht agressiv reagieren.<br \/>\n\t9\u00ba. Reaktion auf Ablenkungen.<br \/>\n\t10\u00ba. Unter Aufsicht durchgef\u00fchrte Trennung<br \/>\n        3-Monat-Kurs, 2-mal pro Woche<br \/>\n        150\u20ac\/ Monat<\/p>\n<p>[\/et_pb_text][et_pb_text _builder_version=&#8220;3.0.89&#8243; background_layout=&#8220;light&#8220; custom_margin=&#8220;||0px|&#8220; custom_padding=&#8220;||0px|&#8220;]<\/p>\n<p><a href=\"https:\/\/aliagavet.net\/de\/kontakt\/\"><img loading=\"lazy\" decoding=\"async\" class=\"size-medium wp-image-483 aligncenter\" src=\"https:\/\/aliagavet.net\/wp-content\/uploads\/2017\/12\/PATA_DE.png\" alt=\"\" width=\"250\" height=\"131\"><\/a><\/p>\n<p>[\/et_pb_text][\/et_pb_column][\/et_pb_row][\/et_pb_section][et_pb_section bb_built=&#8220;1&#8243; fullwidth=&#8220;off&#8220; specialty=&#8220;off&#8220; _builder_version=&#8220;3.0.89&#8243; custom_margin=&#8220;0px|0px|0px|0px&#8220; custom_padding=&#8220;0px|0px|0px|0px&#8220; prev_background_color=&#8220;#000000&#8243; next_background_color=&#8220;#000000&#8243;][et_pb_row _builder_version=&#8220;3.0.89&#8243; make_fullwidth=&#8220;on&#8220; make_equal=&#8220;on&#8220; padding_top_1=&#8220;2%&#8220; padding_right_1=&#8220;5%&#8220; padding_bottom_1=&#8220;0px&#8220; padding_left_1=&#8220;5%&#8220; custom_margin=&#8220;0px||0px|&#8220; custom_padding=&#8220;0px||0px|&#8220;][et_pb_column type=&#8220;1_2&#8243;][et_pb_text _builder_version=&#8220;3.13.1&#8243; custom_margin=&#8220;||0px|&#8220; custom_padding=&#8220;||0px|&#8220;]<\/p>\n<h2 class=\"colorverde\">THERAPEUTISCHE AUSBILDUNG<\/h2>\n<p>[\/et_pb_text][et_pb_text _builder_version=&#8220;3.0.89&#8243; background_layout=&#8220;light&#8220; custom_margin=&#8220;||0px|&#8220; custom_padding=&#8220;||0px|&#8220;]<\/p>\n<p>Verhaltenskorrektur bei:<br \/>\n    \u2022 Phobien<br \/>\n    \u2022 Angst- oder Panikattacken<br \/>\n    \u2022 Hyperaktivit\u00e4t<br \/>\n    \u2022 Angst<br \/>\n    \u2022 Aggressivit\u00e4t, etc. \u2026<br \/>\nIm Ausbildungszentrum: 40\u20ac\/Stunde<br \/>\nZu Hause: 60\u20ac\/Stunde<br \/>\nEs w\u00e4re von Vorteil, jeden einzelnen Fall mit dem Trainer zu besprechen.<\/p>\n<p>[\/et_pb_text][et_pb_text _builder_version=&#8220;3.0.89&#8243; background_layout=&#8220;light&#8220;]<\/p>\n<p><a href=\"https:\/\/aliagavet.net\/de\/kontakt\/\"><img loading=\"lazy\" decoding=\"async\" class=\"size-medium wp-image-483 aligncenter\" src=\"https:\/\/aliagavet.net\/wp-content\/uploads\/2017\/12\/PATA_DE.png\" alt=\"\" width=\"250\" height=\"131\"><\/a><\/p>\n<p>[\/et_pb_text][\/et_pb_column][et_pb_column type=&#8220;1_2&#8243;][et_pb_image _builder_version=&#8220;3.0.89&#8243; src=&#8220;https:\/\/aliagavet.net\/wp-content\/uploads\/2017\/12\/terapeutico.jpg&#8220; show_in_lightbox=&#8220;off&#8220; url_new_window=&#8220;off&#8220; use_overlay=&#8220;off&#8220; always_center_on_mobile=&#8220;on&#8220; force_fullwidth=&#8220;off&#8220; show_bottom_space=&#8220;on&#8220; \/][\/et_pb_column][\/et_pb_row][\/et_pb_section][et_pb_section bb_built=&#8220;1&#8243; fullwidth=&#8220;off&#8220; specialty=&#8220;off&#8220; _builder_version=&#8220;3.0.89&#8243; custom_margin=&#8220;0px|0px|0px|0px&#8220; custom_padding=&#8220;0px|0px|0px|0px&#8220; prev_background_color=&#8220;#000000&#8243; next_background_color=&#8220;#000000&#8243;][et_pb_row _builder_version=&#8220;3.0.89&#8243; make_fullwidth=&#8220;on&#8220; make_equal=&#8220;on&#8220; padding_top_2=&#8220;2%&#8220; padding_right_2=&#8220;5%&#8220; padding_bottom_2=&#8220;5%&#8220; padding_left_2=&#8220;5%&#8220; custom_margin=&#8220;0px||0px|&#8220; custom_padding=&#8220;0px||0px|&#8220;][et_pb_column type=&#8220;1_2&#8243;][et_pb_image _builder_version=&#8220;3.0.89&#8243; src=&#8220;https:\/\/aliagavet.net\/wp-content\/uploads\/2017\/12\/certificado.jpg&#8220; show_in_lightbox=&#8220;off&#8220; url_new_window=&#8220;off&#8220; use_overlay=&#8220;off&#8220; always_center_on_mobile=&#8220;on&#8220; force_fullwidth=&#8220;off&#8220; show_bottom_space=&#8220;on&#8220; \/][\/et_pb_column][et_pb_column type=&#8220;1_2&#8243;][et_pb_text _builder_version=&#8220;3.0.89&#8243; background_layout=&#8220;light&#8220; custom_margin=&#8220;||0px|&#8220; custom_padding=&#8220;||0px|&#8220;]<\/p>\n<h2 class=\"colorverde\" style=\"text-align: left;\">BEF\u00c4HIGUNGSNACHWEIS <\/h2>\n<p>[\/et_pb_text][et_pb_text _builder_version=&#8220;3.0.89&#8243; background_layout=&#8220;light&#8220; custom_margin=&#8220;||0px|&#8220; custom_padding=&#8220;||0px|&#8220;]<\/p>\n<p>\u2022 In den F\u00e4llen von Anzeigen wegen Hundebiss.<br \/>\n    \u2022 F\u00fcr potenziell gef\u00e4hrliche Hunderassen.<\/p>\n<p>[\/et_pb_text][et_pb_text _builder_version=&#8220;3.0.89&#8243; background_layout=&#8220;light&#8220; custom_margin=&#8220;||0px|&#8220; custom_padding=&#8220;||0px|&#8220;]<\/p>\n<p><a href=\"https:\/\/aliagavet.net\/de\/kontakt\/\"><img loading=\"lazy\" decoding=\"async\" class=\"alignnone size-medium wp-image-483 aligncenter\" src=\"https:\/\/aliagavet.net\/wp-content\/uploads\/2017\/12\/PATA_DE.png\" alt=\"\" width=\"250\" height=\"131\"><\/a><\/p>\n<p>[\/et_pb_text][\/et_pb_column][\/et_pb_row][\/et_pb_section][et_pb_section bb_built=&#8220;1&#8243; fullwidth=&#8220;off&#8220; specialty=&#8220;off&#8220; _builder_version=&#8220;3.0.89&#8243; custom_margin=&#8220;0px|0px|0px|0px&#8220; custom_padding=&#8220;0px|0px|0px|0px&#8220; prev_background_color=&#8220;#000000&#8243;][et_pb_row _builder_version=&#8220;3.0.89&#8243; make_fullwidth=&#8220;on&#8220; make_equal=&#8220;on&#8220; custom_margin=&#8220;0px|0px|0px|0px&#8220; custom_padding=&#8220;0px|0px|0px|0px&#8220; padding_top_1=&#8220;2%&#8220; padding_right_1=&#8220;5%&#8220; padding_bottom_1=&#8220;0px&#8220; padding_left_1=&#8220;5%&#8220;][et_pb_column type=&#8220;1_2&#8243;][et_pb_text _builder_version=&#8220;3.0.89&#8243; background_layout=&#8220;light&#8220;]<\/p>\n<h2 class=\"colorverde\">AUSBILDUNG ZUM HUNDETRAINER<\/h2>\n<p>[\/et_pb_text][et_pb_text _builder_version=&#8220;3.0.89&#8243; background_layout=&#8220;light&#8220;]<\/p>\n<p>Es werden regelm\u00e4\u00dfig Kurse zur Ausbildung von zuk\u00fcnftigen Hundetrainern auf nationaler Ebene angeboten, mit dem Erhalt der offiziellen Bescheinigung.<br \/>\n    \u2022 Dauer. 6 Monate.<br \/>\n    \u2022 Geb\u00fchren: 1.200\u20ac ( 200\u20ac\/Monat)<\/p>\n<p>[\/et_pb_text][et_pb_text _builder_version=&#8220;3.0.89&#8243; background_layout=&#8220;light&#8220;]<\/p>\n<p><a href=\"https:\/\/aliagavet.net\/de\/kontakt\/\"><img loading=\"lazy\" decoding=\"async\" class=\"size-medium wp-image-483 aligncenter\" src=\"https:\/\/aliagavet.net\/wp-content\/uploads\/2017\/12\/PATA_DE.png\" alt=\"\" width=\"250\" height=\"131\"><\/a><\/p>\n<p>[\/et_pb_text][\/et_pb_column][et_pb_column type=&#8220;1_2&#8243;][et_pb_image _builder_version=&#8220;3.0.89&#8243; src=&#8220;https:\/\/aliagavet.net\/wp-content\/uploads\/2017\/12\/curso-adestradores.jpg&#8220; show_in_lightbox=&#8220;off&#8220; url_new_window=&#8220;off&#8220; use_overlay=&#8220;off&#8220; always_center_on_mobile=&#8220;on&#8220; force_fullwidth=&#8220;off&#8220; show_bottom_space=&#8220;on&#8220; \/][\/et_pb_column][\/et_pb_row][\/et_pb_section]<\/p>\n","protected":false},"excerpt":{"rendered":"<p>[et_pb_section bb_built=&#8220;1&#8243; fullwidth=&#8220;off&#8220; specialty=&#8220;off&#8220; _builder_version=&#8220;3.0.89&#8243; custom_padding=&#8220;0px|0px|700px|0px&#8220; background_image=&#8220;https:\/\/aliagavet.net\/wp-content\/uploads\/2017\/12\/CABECERA.jpg&#8220; custom_margin=&#8220;0px|0px|0px|0px&#8220; next_background_color=&#8220;#ffffff&#8220;][et_pb_row _builder_version=&#8220;3.0.89&#8243; make_fullwidth=&#8220;on&#8220; make_equal=&#8220;on&#8220; background_color=&#8220;#ffffff&#8220;][et_pb_column type=&#8220;4_4&#8243;][et_pb_text _builder_version=&#8220;3.13.1&#8243; background_layout=&#8220;light&#8220;] HUNDEAUSBILDUNG HUNDETRAINER [\/et_pb_text][\/et_pb_column][\/et_pb_row][et_pb_row _builder_version=&#8220;3.0.89&#8243; make_fullwidth=&#8220;on&#8220; make_equal=&#8220;on&#8220; custom_margin=&#8220;0px|0px|0px|0px&#8220; custom_padding=&#8220;0px|0px|0px|0px&#8220;][et_pb_column type=&#8220;1_2&#8243;][et_pb_code _builder_version=&#8220;3.0.89&#8243;]&lt;div class=&quot;et_pb_module et_pb_space et_pb_divider et_pb_divider_0 et_pb_divider_position_&quot;&gt;&lt;div class=&quot;et_pb_divider_internal sepizin&quot;&gt;&lt;\/div&gt;&lt;\/div&gt;[\/et_pb_code][\/et_pb_column][et_pb_column type=&#8220;1_2&#8243;][et_pb_code _builder_version=&#8220;3.0.89&#8243;]&lt;div class=&quot;et_pb_module et_pb_space et_pb_divider et_pb_divider_0 et_pb_divider_position_&quot;&gt;&lt;div class=&quot;et_pb_divider_internal sepdein&quot;&gt;&lt;\/div&gt;&lt;\/div&gt;[\/et_pb_code][\/et_pb_column][\/et_pb_row][\/et_pb_section][et_pb_section bb_built=&#8220;1&#8243; fullwidth=&#8220;off&#8220; specialty=&#8220;off&#8220; _builder_version=&#8220;3.0.89&#8243; custom_margin=&#8220;0px|0px|0px|0px&#8220; custom_padding=&#8220;0px|0px|0px|0px&#8220; prev_background_color=&#8220;#000000&#8243; next_background_color=&#8220;#000000&#8243;][et_pb_row _builder_version=&#8220;3.0.89&#8243; make_fullwidth=&#8220;on&#8220;][et_pb_column type=&#8220;4_4&#8243;][et_pb_text _builder_version=&#8220;3.0.89&#8243; background_layout=&#8220;light&#8220;] [&hellip;]<\/p>\n","protected":false},"author":1,"featured_media":0,"parent":0,"menu_order":0,"comment_status":"closed","ping_status":"closed","template":"","meta":{"footnotes":""},"class_list":["post-725","page","type-page","status-publish","hentry"],"_links":{"self":[{"href":"https:\/\/aliagavet.net\/de\/wp-json\/wp\/v2\/pages\/725"}],"collection":[{"href":"https:\/\/aliagavet.net\/de\/wp-json\/wp\/v2\/pages"}],"about":[{"href":"https:\/\/aliagavet.net\/de\/wp-json\/wp\/v2\/types\/page"}],"author":[{"embeddable":true,"href":"https:\/\/aliagavet.net\/de\/wp-json\/wp\/v2\/users\/1"}],"replies":[{"embeddable":true,"href":"https:\/\/aliagavet.net\/de\/wp-json\/wp\/v2\/comments?post=725"}],"version-history":[{"count":0,"href":"https:\/\/aliagavet.net\/de\/wp-json\/wp\/v2\/pages\/725\/revisions"}],"wp:attachment":[{"href":"https:\/\/aliagavet.net\/de\/wp-json\/wp\/v2\/media?parent=725"}],"curies":[{"name":"wp","href":"https:\/\/api.w.org\/{rel}","templated":true}]}}