{"id":720,"date":"2017-12-14T12:06:06","date_gmt":"2017-12-14T12:06:06","guid":{"rendered":"https:\/\/aliagavet.net\/?page_id=720"},"modified":"2026-01-15T09:59:30","modified_gmt":"2026-01-15T09:59:30","slug":"hundepension","status":"publish","type":"page","link":"https:\/\/aliagavet.net\/de\/hundepension\/","title":{"rendered":"Hundepension"},"content":{"rendered":"<p>[et_pb_section fb_built=&#8220;1&#8243; _builder_version=&#8220;3.0.89&#8243; background_image=&#8220;https:\/\/aliagavet.net\/wp-content\/uploads\/2017\/12\/cabecera_pagina_interna_residencia_canina.jpg&#8220; custom_margin=&#8220;0px|0px|0px|0px&#8220; custom_padding=&#8220;0px|0px|700px|0px&#8220;][et_pb_row make_fullwidth=&#8220;on&#8220; make_equal=&#8220;on&#8220; _builder_version=&#8220;3.0.89&#8243; background_color=&#8220;#ffffff&#8220;][et_pb_column type=&#8220;4_4&#8243; _builder_version=&#8220;3.0.47&#8243; parallax=&#8220;off&#8220; parallax_method=&#8220;on&#8220;][et_pb_text _builder_version=&#8220;3.0.89&#8243;]<\/p>\n<h2 class=\"colorverde textoimgrc\" style=\"text-align: center;\">Hundepension<\/h2>\n<p>[\/et_pb_text][\/et_pb_column][\/et_pb_row][et_pb_row make_fullwidth=&#8220;on&#8220; custom_padding=&#8220;0px|0px|0px|0px&#8220; custom_margin=&#8220;0px|0px|0px|0px&#8220; make_equal=&#8220;on&#8220; _builder_version=&#8220;3.0.89&#8243;][et_pb_column type=&#8220;1_2&#8243; _builder_version=&#8220;3.0.47&#8243; parallax=&#8220;off&#8220; parallax_method=&#8220;on&#8220;][et_pb_code _builder_version=&#8220;3.0.89&#8243;]&lt;div class=&quot;et_pb_module et_pb_space et_pb_divider et_pb_divider_0 et_pb_divider_position_&quot;&gt;&lt;div class=&quot;et_pb_divider_internal sepizin&quot;&gt;&lt;\/div&gt;&lt;\/div&gt;[\/et_pb_code][\/et_pb_column][et_pb_column type=&#8220;1_2&#8243; _builder_version=&#8220;3.0.47&#8243; parallax=&#8220;off&#8220; parallax_method=&#8220;on&#8220;][et_pb_code _builder_version=&#8220;3.0.89&#8243;]&lt;div class=&quot;et_pb_module et_pb_space et_pb_divider et_pb_divider_0 et_pb_divider_position_&quot;&gt;&lt;div class=&quot;et_pb_divider_internal sepdein&quot;&gt;&lt;\/div&gt;&lt;\/div&gt;[\/et_pb_code][\/et_pb_column][\/et_pb_row][\/et_pb_section][et_pb_section fb_built=&#8220;1&#8243; _builder_version=&#8220;3.0.47&#8243;][et_pb_row make_fullwidth=&#8220;on&#8220; custom_padding=&#8220;0px|5%|0px|5%&#8220; custom_margin=&#8220;0px|0px|0px|0px&#8220; make_equal=&#8220;on&#8220; _builder_version=&#8220;3.0.89&#8243;][et_pb_column type=&#8220;4_4&#8243; _builder_version=&#8220;3.0.47&#8243; parallax=&#8220;off&#8220; parallax_method=&#8220;on&#8220;][et_pb_text _builder_version=&#8220;3.0.89&#8243;]<\/p>\n<p style=\"text-align: left;\">Unsere\u00a0HUNDEPENSION\u00a0hat nur ein Ziel: ideale Bedingungen schaffen. Ihr Haustier soll sich w\u00e4hrend seines Aufenthalts in unseren Anlagen entspannen, sich wohlf\u00fchlen und einen stre\u00dffreien Alltag erleben. Dazu kommt eine pers\u00f6nliche, auf Ihr Tier abgestimmte Betreuung, was bedeutet, Sie k\u00f6nnen beruhigt wegfahren, denn Sie wi\u00dfen Ihr Haustier in besten H\u00e4nden.<br \/>\nWeitl\u00e4ufige Auslaufzonen f\u00fcrs t\u00e4gliche Austoben,\u00a0gut ersichtlich abgegrenzt, um unn\u00f6tigen Stre\u00df zu verhindern, erg\u00e4nzen die gedeckten Ruhepl\u00e4tze. Die Anlage befindet sich in einer Landwirtschaftszone, weg vom L\u00e4rm. Es gibt reichlich Vegetation und B\u00e4ume.\u00a0All dies unter dem stets wachsamen Auge des \u00c4rzteteams der Tierarztpraxis, das immer bereit ist, jedem auch noch so kleinen Vorfall Aufmerksamkeit zu schenken.[\/et_pb_text][\/et_pb_column][\/et_pb_row][\/et_pb_section][et_pb_section fb_built=&#8220;1&#8243; _builder_version=&#8220;3.0.89&#8243; custom_margin=&#8220;0px|0px|0px|0px&#8220; custom_padding=&#8220;0px|0px|0px|0px&#8220;][et_pb_row make_fullwidth=&#8220;on&#8220; custom_padding=&#8220;0px|0px|0px|0px&#8220; custom_margin=&#8220;0px|0px|0px|0px&#8220; make_equal=&#8220;on&#8220; _builder_version=&#8220;3.0.89&#8243;][et_pb_column type=&#8220;4_4&#8243; _builder_version=&#8220;3.0.47&#8243; parallax=&#8220;off&#8220; parallax_method=&#8220;on&#8220;][et_pb_slider _builder_version=&#8220;3.0.99&#8243; box_shadow_style=&#8220;preset6&#8243; box_shadow_blur=&#8220;10px&#8220; box_shadow_color=&#8220;rgba(0,0,0,0.1)&#8220; custom_padding=&#8220;450px||450px|&#8220; auto=&#8220;on&#8220; auto_speed=&#8220;5000&#8243; show_inner_shadow=&#8220;on&#8220;][et_pb_slide use_bg_overlay=&#8220;off&#8220; use_text_overlay=&#8220;off&#8220; _builder_version=&#8220;3.2&#8243; background_color=&#8220;#ffffff&#8220; background_image=&#8220;https:\/\/aliagavet.net\/wp-content\/uploads\/2017\/12\/Con-cesped.jpg&#8220;][\/et_pb_slide][et_pb_slide use_bg_overlay=&#8220;off&#8220; use_text_overlay=&#8220;off&#8220; _builder_version=&#8220;3.2&#8243; background_color=&#8220;#ffffff&#8220; background_image=&#8220;https:\/\/aliagavet.net\/wp-content\/uploads\/2017\/12\/ENCUADRE-RESI-1-de-1.jpg&#8220;][\/et_pb_slide][et_pb_slide use_bg_overlay=&#8220;off&#8220; use_text_overlay=&#8220;off&#8220; _builder_version=&#8220;3.2&#8243; background_color=&#8220;#ffffff&#8220; background_image=&#8220;https:\/\/aliagavet.net\/wp-content\/uploads\/2017\/12\/ENCUADRE-RESI-3-1-de-1.jpg&#8220;][\/et_pb_slide][et_pb_slide use_bg_overlay=&#8220;off&#8220; use_text_overlay=&#8220;off&#8220; _builder_version=&#8220;3.2&#8243; background_color=&#8220;#ffffff&#8220; background_image=&#8220;https:\/\/aliagavet.net\/wp-content\/uploads\/2017\/12\/P1220813.jpg&#8220;][\/et_pb_slide][et_pb_slide use_bg_overlay=&#8220;off&#8220; use_text_overlay=&#8220;off&#8220; _builder_version=&#8220;3.2&#8243; background_color=&#8220;#ffffff&#8220; background_image=&#8220;https:\/\/aliagavet.net\/wp-content\/uploads\/2017\/12\/Patio-con-cesped.jpg&#8220;][\/et_pb_slide][et_pb_slide use_bg_overlay=&#8220;off&#8220; use_text_overlay=&#8220;off&#8220; _builder_version=&#8220;3.2&#8243; background_color=&#8220;#ffffff&#8220; background_image=&#8220;https:\/\/aliagavet.net\/wp-content\/uploads\/2017\/12\/Sin-t\u00edtulo-2.jpg&#8220;][\/et_pb_slide][et_pb_slide use_bg_overlay=&#8220;off&#8220; use_text_overlay=&#8220;off&#8220; _builder_version=&#8220;3.2&#8243; background_color=&#8220;#ffffff&#8220; background_image=&#8220;https:\/\/aliagavet.net\/wp-content\/uploads\/2017\/12\/Sin-t\u00edtulo-3.jpg&#8220;][\/et_pb_slide][\/et_pb_slider][\/et_pb_column][\/et_pb_row][\/et_pb_section][et_pb_section fb_built=&#8220;1&#8243; _builder_version=&#8220;3.0.89&#8243; background_image=&#8220;https:\/\/aliagavet.net\/wp-content\/uploads\/2017\/12\/residencia-canina-textura.jpg&#8220;][et_pb_row _builder_version=&#8220;3.13.1&#8243; background_size=&#8220;initial&#8220; background_position=&#8220;top_left&#8220; background_repeat=&#8220;repeat&#8220;][et_pb_column type=&#8220;4_4&#8243; _builder_version=&#8220;3.0.47&#8243; parallax=&#8220;off&#8220; parallax_method=&#8220;on&#8220;][et_pb_text _builder_version=&#8220;3.0.89&#8243;]<\/p>\n<h2 class=\"colorverde\" style=\"text-align: center;\">Pensions-Preise<\/h2>\n<p>[\/et_pb_text][et_pb_text _builder_version=&#8220;3.13.1&#8243;]<\/p>\n<p style=\"text-align: center;\">Kleiner Hund 17.00 \u20ac pro Tag<br \/> Mittlerer Hund 19.00 \u20ac pro Tag<br \/> Grosser Hund 21 \u20ac pro Tag<br \/> 2 Hunde zusammen -10%<br \/> *Wenn Sie ihr Tier am Nachmittag abholen, wird der Abholtag berechnet.<\/p>\n<p>[\/et_pb_text][et_pb_button button_url=&#8220;http:\/\/gestionresidencia.com\/gestion_aliaga\/reservas\/reserva_online.php&#8220; button_text=&#8220;HIER BUCHEN&#8220; button_alignment=&#8220;center&#8220; _builder_version=&#8220;3.13.1&#8243; custom_button=&#8220;on&#8220; button_text_color=&#8220;#a5a5a5&#8243; button_bg_color=&#8220;#508b39&#8243; button_border_color=&#8220;#508b39&#8243; button_use_icon=&#8220;off&#8220; button_text_color_hover=&#8220;#508b39&#8243; button_bg_color_hover=&#8220;#a5a5a5&#8243;][\/et_pb_button][et_pb_text _builder_version=&#8220;3.13.1&#8243;]<\/p>\n<p style=\"text-align: center;\">&#8211; Im Preis inbegriffen sind: Aufenthalt, Essen, Haushaltswaren, Heizung f\u00fcr Hunde.<br \/>&#8211; Der Preis beinhaltet nicht die medizinische Versorgung aus Gr\u00fcnden, die nicht mit dem Aufenthalt zusammenh\u00e4ngen, spezielle Di\u00e4ten, B\u00e4der, Transport&#8230;<br \/>&#8211; Sie k\u00f6nnen Betten mitbringen, um sich mit der Umgebung des Tieres vertraut zu machen.<br \/>&#8211; Verl\u00e4ngerungen des Aufenthalts je nach Verf\u00fcgbarkeit.<\/p>\n<p style=\"text-align: center;\">\n<p style=\"text-align: center;\">Daten Hochsaison 1\u20ac t\u00e4glicher Zuschlag\/Tier.<br \/>10. April bis 20. April.<br \/>1. August bis 31. August<br \/>15. Dezember bis 15. Januar.<\/p>\n<p>[\/et_pb_text][et_pb_text _builder_version=&#8220;3.0.89&#8243;]<\/p>\n<h2 class=\"colorverde\" style=\"text-align: center;\">Eintritts- und Austrittszeiten<\/h2>\n<p style=\"text-align: center;\"><strong>Von Montag bis Samstag<\/strong><br \/>\nvon 9.00 bis 13.00 Uhr und von 17.00 bis 19.00 Uhr<br \/>\n<strong>Sonntag und Feiertage<\/strong><br \/>\nvon 9.00 bis 11.00 Uhr und von 18.00 bis 19.00 Uhr<\/p>\n<p>[\/et_pb_text][et_pb_text _builder_version=&#8220;3.13.1&#8243;]<\/p>\n<p><img loading=\"lazy\" decoding=\"async\" class=\"size-full wp-image-818 aligncenter\" src=\"https:\/\/aliagavet.net\/wp-content\/uploads\/2017\/12\/excla.png\" alt=\"\" width=\"128\" height=\"128\" \/><\/p>\n<p>Ihr Haustier muss gechipt, vollst\u00e4ndig geimpft, entwurmt und gegen externe Parasiten gesch\u00fctzt sein, bevor Sie es in unsere Tierpension bringen. Dies k\u00f6nnen Sie bei Ihrem Tierarzt vornehmen lassen, oder in unserer Tierklinik bei Ihrer Ankunft.<\/p>\n<p>[\/et_pb_text][\/et_pb_column][\/et_pb_row][\/et_pb_section][et_pb_section fb_built=&#8220;1&#8243; _builder_version=&#8220;3.0.89&#8243; background_color=&#8220;#508b39&#8243; custom_margin=&#8220;0px|0px|0px|0px&#8220; custom_padding=&#8220;0px|0px|0px|0px&#8220;][et_pb_row make_fullwidth=&#8220;on&#8220; make_equal=&#8220;on&#8220; _builder_version=&#8220;3.0.89&#8243;][et_pb_column type=&#8220;4_4&#8243; _builder_version=&#8220;3.0.47&#8243; parallax=&#8220;off&#8220; parallax_method=&#8220;on&#8220;][et_pb_text _builder_version=&#8220;3.0.89&#8243;]<\/p>\n<h2 class=\"colorgris\" style=\"text-align: center;\">Die Verantwortlichen in der Pension<\/h2>\n<p>[\/et_pb_text][\/et_pb_column][\/et_pb_row][et_pb_row make_fullwidth=&#8220;on&#8220; make_equal=&#8220;on&#8220; _builder_version=&#8220;3.0.89&#8243;][et_pb_column type=&#8220;1_4&#8243; _builder_version=&#8220;3.0.47&#8243; parallax=&#8220;off&#8220; parallax_method=&#8220;on&#8220;][\/et_pb_column][et_pb_column type=&#8220;1_4&#8243; _builder_version=&#8220;3.0.47&#8243; parallax=&#8220;off&#8220; parallax_method=&#8220;on&#8220;][et_pb_text _builder_version=&#8220;3.0.89&#8243; custom_padding=&#8220;5%|5%|5%|5%&#8220;]<\/p>\n<p class=\"colorgris\" style=\"text-align: left;\">Die Verantwortlichen in dieser Abteilung sind Tierliebhaber, wie der Rest des Teams. Sie garantieren eine professionelle Betreuung jedes einzelnen Gastes, angepasst an Rasse und Charakter.<br \/>\nDie Zuneigung, die die Tiere ihren Betreuern entgegenbringen, sagt alles \u00fcber dieses Team.<\/p>\n<p>[\/et_pb_text][\/et_pb_column][et_pb_column type=&#8220;1_4&#8243; _builder_version=&#8220;3.0.47&#8243; parallax=&#8220;off&#8220; parallax_method=&#8220;on&#8220;][et_pb_text _builder_version=&#8220;3.0.89&#8243; custom_padding=&#8220;5%|5%|5%|5%&#8220;]<a href=\"tel:655616733\"><img loading=\"lazy\" decoding=\"async\" class=\"alignnone size-medium wp-image-398 aligncenter\" src=\"https:\/\/aliagavet.net\/wp-content\/uploads\/2017\/12\/plantilla-para-consulta-disponibilidad-6.jpg\" alt=\"\" width=\"300\" height=\"120\"><\/a>[\/et_pb_text][\/et_pb_column][et_pb_column type=&#8220;1_4&#8243; _builder_version=&#8220;3.0.47&#8243; parallax=&#8220;off&#8220; parallax_method=&#8220;on&#8220;][\/et_pb_column][\/et_pb_row][\/et_pb_section]<\/p>\n","protected":false},"excerpt":{"rendered":"<p>[et_pb_section fb_built=&#8220;1&#8243; _builder_version=&#8220;3.0.89&#8243; background_image=&#8220;https:\/\/aliagavet.net\/wp-content\/uploads\/2017\/12\/cabecera_pagina_interna_residencia_canina.jpg&#8220; custom_margin=&#8220;0px|0px|0px|0px&#8220; custom_padding=&#8220;0px|0px|700px|0px&#8220;][et_pb_row make_fullwidth=&#8220;on&#8220; make_equal=&#8220;on&#8220; _builder_version=&#8220;3.0.89&#8243; background_color=&#8220;#ffffff&#8220;][et_pb_column type=&#8220;4_4&#8243; _builder_version=&#8220;3.0.47&#8243; parallax=&#8220;off&#8220; parallax_method=&#8220;on&#8220;][et_pb_text _builder_version=&#8220;3.0.89&#8243;] Hundepension [\/et_pb_text][\/et_pb_column][\/et_pb_row][et_pb_row make_fullwidth=&#8220;on&#8220; custom_padding=&#8220;0px|0px|0px|0px&#8220; custom_margin=&#8220;0px|0px|0px|0px&#8220; make_equal=&#8220;on&#8220; _builder_version=&#8220;3.0.89&#8243;][et_pb_column type=&#8220;1_2&#8243; _builder_version=&#8220;3.0.47&#8243; parallax=&#8220;off&#8220; parallax_method=&#8220;on&#8220;][et_pb_code _builder_version=&#8220;3.0.89&#8243;]&lt;div class=&quot;et_pb_module et_pb_space et_pb_divider et_pb_divider_0 et_pb_divider_position_&quot;&gt;&lt;div class=&quot;et_pb_divider_internal sepizin&quot;&gt;&lt;\/div&gt;&lt;\/div&gt;[\/et_pb_code][\/et_pb_column][et_pb_column type=&#8220;1_2&#8243; _builder_version=&#8220;3.0.47&#8243; parallax=&#8220;off&#8220; parallax_method=&#8220;on&#8220;][et_pb_code _builder_version=&#8220;3.0.89&#8243;]&lt;div class=&quot;et_pb_module et_pb_space et_pb_divider et_pb_divider_0 et_pb_divider_position_&quot;&gt;&lt;div class=&quot;et_pb_divider_internal sepdein&quot;&gt;&lt;\/div&gt;&lt;\/div&gt;[\/et_pb_code][\/et_pb_column][\/et_pb_row][\/et_pb_section][et_pb_section fb_built=&#8220;1&#8243; _builder_version=&#8220;3.0.47&#8243;][et_pb_row make_fullwidth=&#8220;on&#8220; custom_padding=&#8220;0px|5%|0px|5%&#8220; custom_margin=&#8220;0px|0px|0px|0px&#8220; make_equal=&#8220;on&#8220; _builder_version=&#8220;3.0.89&#8243;][et_pb_column type=&#8220;4_4&#8243; _builder_version=&#8220;3.0.47&#8243; [&hellip;]<\/p>\n","protected":false},"author":1,"featured_media":0,"parent":0,"menu_order":0,"comment_status":"closed","ping_status":"closed","template":"","meta":{"footnotes":""},"class_list":["post-720","page","type-page","status-publish","hentry"],"_links":{"self":[{"href":"https:\/\/aliagavet.net\/de\/wp-json\/wp\/v2\/pages\/720"}],"collection":[{"href":"https:\/\/aliagavet.net\/de\/wp-json\/wp\/v2\/pages"}],"about":[{"href":"https:\/\/aliagavet.net\/de\/wp-json\/wp\/v2\/types\/page"}],"author":[{"embeddable":true,"href":"https:\/\/aliagavet.net\/de\/wp-json\/wp\/v2\/users\/1"}],"replies":[{"embeddable":true,"href":"https:\/\/aliagavet.net\/de\/wp-json\/wp\/v2\/comments?post=720"}],"version-history":[{"count":2,"href":"https:\/\/aliagavet.net\/de\/wp-json\/wp\/v2\/pages\/720\/revisions"}],"predecessor-version":[{"id":1118,"href":"https:\/\/aliagavet.net\/de\/wp-json\/wp\/v2\/pages\/720\/revisions\/1118"}],"wp:attachment":[{"href":"https:\/\/aliagavet.net\/de\/wp-json\/wp\/v2\/media?parent=720"}],"curies":[{"name":"wp","href":"https:\/\/api.w.org\/{rel}","templated":true}]}}