{"id":718,"date":"2017-12-14T12:02:31","date_gmt":"2017-12-14T12:02:31","guid":{"rendered":"https:\/\/aliagavet.net\/?page_id=718"},"modified":"2019-02-14T08:56:39","modified_gmt":"2019-02-14T08:56:39","slug":"die-praxis","status":"publish","type":"page","link":"https:\/\/aliagavet.net\/de\/","title":{"rendered":"PRAXIS"},"content":{"rendered":"<p>[et_pb_section bb_built=&#8220;1&#8243; fullwidth=&#8220;on&#8220; specialty=&#8220;off&#8220; _builder_version=&#8220;3.0.89&#8243; custom_padding=&#8220;300px||300px|&#8220; background_image=&#8220;https:\/\/aliagavet.net\/wp-content\/uploads\/2017\/11\/home.jpg&#8220; background_position=&#8220;bottom_right&#8220; next_background_color=&#8220;#ffffff&#8220;][\/et_pb_section][et_pb_section bb_built=&#8220;1&#8243; _builder_version=&#8220;3.0.89&#8243; custom_padding=&#8220;0px||0px|&#8220; module_id=&#8220;clinica&#8220; prev_background_color=&#8220;#000000&#8243; next_background_color=&#8220;#3c434d&#8220;][et_pb_row _builder_version=&#8220;3.0.89&#8243; make_fullwidth=&#8220;on&#8220; make_equal=&#8220;on&#8220; custom_padding=&#8220;|||5%&#8220;][et_pb_column type=&#8220;4_4&#8243;][et_pb_text _builder_version=&#8220;3.0.89&#8243; background_layout=&#8220;light&#8220; custom_padding=&#8220;2%||2%|&#8220;]<\/p>\n<p>&nbsp;<\/p>\n<h2>Leidenschaft f\u00fcr Tiere<\/h2>\n<p>&nbsp;<\/p>\n<p>[\/et_pb_text][\/et_pb_column][\/et_pb_row][et_pb_row _builder_version=&#8220;3.0.89&#8243; make_fullwidth=&#8220;on&#8220; make_equal=&#8220;on&#8220; custom_padding=&#8220;|||5%&#8220;][et_pb_column type=&#8220;1_2&#8243;][et_pb_text _builder_version=&#8220;3.0.89&#8243; background_layout=&#8220;light&#8220; animation_direction=&#8220;left&#8220;]<\/p>\n<p>ALIAGA\u00a0ist eine moderne Tierarztpraxis, ausger\u00fcstet mit den modernsten Diagnoseger\u00e4ten und immer auf dem neuesten Stand der Technik, in der der Kunde auf ein in allen Aspekten menschliches Team trifft, das sich seiner Arbeit mit Leidenschaft hingibt und im Umgang mit seinen Kunden einen beispiellosen pers\u00f6nlichen Umgang pflegt.<br \/>\nIhrem Haustier kommt die Liebe zuteil, die die Mitglieder unseres\u00a0<br \/>\nTeams tagt\u00e4glich auszeichnet. Medizinische Versorgung auf h\u00f6chster Stufe ist dabei eine Selbstverst\u00e4ndlichkeit.<\/p>\n<p>ALIAGA\u00a0steht f\u00fcr\u00a0LIEBE UND LEIDENSCHAFT F\u00dcR TIERE\u00a0Praktiziert wird Allgemein &#8211; sowie auch\u00a0Orthop\u00e4dische Chirurgie, Innere Medizin, Dermatologie, Kardiologie und Ultraschall sowie auch R\u00f6ntgen geh\u00f6ren zur Tagesordnung.<\/p>\n<p>[\/et_pb_text][et_pb_text _builder_version=&#8220;3.0.89&#8243; background_layout=&#8220;light&#8220;]<\/p>\n<p class=\"colorgris\" style=\"text-align: left;\">\u201cBei uns geht die Veterin\u00e4rmedizin Hand in Hand mit unserer Leidenschaft f\u00fcr Tiere.\u201c<\/p>\n<p>[\/et_pb_text][\/et_pb_column][et_pb_column type=&#8220;1_2&#8243;][et_pb_text _builder_version=&#8220;3.0.89&#8243; background_layout=&#8220;light&#8220; custom_margin=&#8220;0px|0px|0px|0px&#8220; custom_padding=&#8220;0px|0px|0px|0px&#8220; animation_style=&#8220;slide&#8220; animation_direction=&#8220;top&#8220;]<\/p>\n<p><img loading=\"lazy\" decoding=\"async\" class=\"size-medium wp-image-569 aligncenter\" src=\"https:\/\/aliagavet.net\/wp-content\/uploads\/2017\/12\/2017-12-12-300x239.png\" alt=\"\" width=\"300\" height=\"239\" srcset=\"https:\/\/aliagavet.net\/wp-content\/uploads\/2017\/12\/2017-12-12-300x239.png 300w, https:\/\/aliagavet.net\/wp-content\/uploads\/2017\/12\/2017-12-12-768x613.png 768w, https:\/\/aliagavet.net\/wp-content\/uploads\/2017\/12\/2017-12-12-1024x817.png 1024w, https:\/\/aliagavet.net\/wp-content\/uploads\/2017\/12\/2017-12-12-1080x862.png 1080w\" sizes=\"(max-width: 300px) 100vw, 300px\" \/><\/p>\n<p>[\/et_pb_text][\/et_pb_column][\/et_pb_row][et_pb_row _builder_version=&#8220;3.0.89&#8243; make_fullwidth=&#8220;on&#8220; make_equal=&#8220;on&#8220; animation_style=&#8220;slide&#8220; animation_direction=&#8220;bottom&#8220;][et_pb_column type=&#8220;4_4&#8243;][et_pb_code _builder_version=&#8220;3.0.89&#8243;]&lt;div class=&quot;contenedoriconos &quot;&gt;&lt;!&#8211; [et_pb_line_break_holder] &#8211;&gt;&lt;div class=&quot;iconos&quot;&gt;&lt;img class=&quot;wp-image-64 aligncenter icono&quot; src=&quot;https:\/\/aliagavet.net\/wp-content\/uploads\/2017\/11\/educacion_canina.png&quot; alt=&quot;&quot; width=&quot;120&quot; height=&quot;120&quot; \/&gt;&lt;!&#8211; [et_pb_line_break_holder] &#8211;&gt;&lt;h3 class=&quot;colorgriso txtlogo&quot; style=&quot;text-align: center;&quot;&gt;HUNDETRAINING&lt;\/h3&gt;&lt;\/div&gt;&lt;!&#8211; [et_pb_line_break_holder] &#8211;&gt;&lt;div class=&quot;iconos&quot;&gt;&lt;img class=&quot;wp-image-64 aligncenter icono&quot; src=&quot;https:\/\/aliagavet.net\/wp-content\/uploads\/2017\/11\/medicina_veterinaria.png&quot; alt=&quot;&quot; width=&quot;120&quot; height=&quot;120&quot; \/&gt;&lt;!&#8211; [et_pb_line_break_holder] &#8211;&gt;&lt;h3 class=&quot;colorgriso txtlogo&quot; style=&quot;text-align: center;&quot;&gt;TIERMEDIZIN&lt;\/h3&gt;&lt;\/div&gt;&lt;!&#8211; [et_pb_line_break_holder] &#8211;&gt;&lt;div class=&quot;iconos&quot;&gt;&lt;img class=&quot;wp-image-64 aligncenter icono&quot; src=&quot;https:\/\/aliagavet.net\/wp-content\/uploads\/2017\/11\/peluqueria.png&quot; alt=&quot;&quot; width=&quot;120&quot; height=&quot;120&quot; \/&gt;&lt;!&#8211; [et_pb_line_break_holder] &#8211;&gt;&lt;h3 class=&quot;colorgriso txtlogo&quot; style=&quot;text-align: center;&quot;&gt;HUNDEFRISEUR&lt;\/h3&gt;&lt;\/div&gt;&lt;!&#8211; [et_pb_line_break_holder] &#8211;&gt;&lt;div class=&quot;iconos&quot;&gt;&lt;img class=&quot;wp-image-64 aligncenter icono&quot; src=&quot;https:\/\/aliagavet.net\/wp-content\/uploads\/2017\/12\/TIENDA.png&quot; alt=&quot;&quot; width=&quot;120&quot; height=&quot;120&quot; \/&gt;&lt;!&#8211; [et_pb_line_break_holder] &#8211;&gt;&lt;h3 class=&quot;colorgriso txtlogo&quot; style=&quot;text-align: center;&quot;&gt;TIERNAHRUNG&lt;\/h3&gt;&lt;\/div&gt;&lt;!&#8211; [et_pb_line_break_holder] &#8211;&gt;&lt;div class=&quot;iconos&quot;&gt;&lt;img class=&quot;wp-image-64 aligncenter icono&quot; src=&quot;https:\/\/aliagavet.net\/wp-content\/uploads\/2017\/11\/dog-kennel_gris.png&quot; alt=&quot;&quot; width=&quot;120&quot; height=&quot;120&quot; \/&gt;&lt;!&#8211; [et_pb_line_break_holder] &#8211;&gt;&lt;h3 class=&quot;colorgriso txtlogo&quot; style=&quot;text-align: center;&quot;&gt;TIERPENSION&lt;\/h3&gt;&lt;\/div&gt;&lt;!&#8211; [et_pb_line_break_holder] &#8211;&gt;&lt;\/div&gt;[\/et_pb_code][\/et_pb_column][\/et_pb_row][\/et_pb_section][et_pb_section bb_built=&#8220;1&#8243; fullwidth=&#8220;off&#8220; specialty=&#8220;off&#8220; _builder_version=&#8220;3.0.89&#8243; background_color=&#8220;#3c434d&#8220; custom_margin=&#8220;0px|0px|0px|0px&#8220; custom_padding=&#8220;0px|0px|0px|0px&#8220; module_id=&#8220;residencia&#8220; prev_background_color=&#8220;#ffffff&#8220; next_background_color=&#8220;#ffffff&#8220;][et_pb_row _builder_version=&#8220;3.0.89&#8243; make_fullwidth=&#8220;on&#8220; make_equal=&#8220;on&#8220; custom_margin=&#8220;0px||0px|&#8220; custom_padding=&#8220;0px||0px|&#8220;][et_pb_column type=&#8220;4_4&#8243;][et_pb_text _builder_version=&#8220;3.0.89&#8243; background_layout=&#8220;light&#8220; custom_padding=&#8220;2%||2%|&#8220;]<\/p>\n<h2 class=\"colorgris\" style=\"text-align: center;\">TIERPENSION<\/h2>\n<p>[\/et_pb_text][\/et_pb_column][\/et_pb_row][et_pb_row _builder_version=&#8220;3.0.89&#8243; make_fullwidth=&#8220;on&#8220; make_equal=&#8220;on&#8220; custom_margin=&#8220;0px|0px|0px|0px&#8220; custom_padding=&#8220;0px|0px|0px|0px&#8220; padding_top_1=&#8220;0px&#8220; padding_right_1=&#8220;0px&#8220; padding_bottom_1=&#8220;0px&#8220; padding_left_1=&#8220;0px&#8220; padding_top_2=&#8220;0px&#8220; padding_right_2=&#8220;0px&#8220; padding_bottom_2=&#8220;0px&#8220; padding_left_2=&#8220;0px&#8220; animation_direction=&#8220;bottom&#8220;][et_pb_column type=&#8220;1_2&#8243;][et_pb_code _builder_version=&#8220;3.0.89&#8243; custom_margin=&#8220;0px|0px|0px|0px&#8220; custom_padding=&#8220;0px|0px|0px|0px&#8220;]&lt;div class=&quot;containe1&quot;&gt;&lt;!&#8211; [et_pb_line_break_holder] &#8211;&gt; &lt;div class=&quot;div-img hidden1&quot; &gt;&lt;!&#8211; [et_pb_line_break_holder] &#8211;&gt; &lt;img class=&quot;img1&quot; src=&quot;https:\/\/aliagavet.net\/wp-content\/uploads\/2017\/11\/RESIDENCIA-CANINA.jpg&quot; title=&quot;Foto6&quot; alt=&quot;Foto6&quot;&gt;&lt;!&#8211; [et_pb_line_break_holder] &#8211;&gt; &lt;div class=&quot;overlay1&quot;&gt;&lt;\/div&gt;&lt;!&#8211; [et_pb_line_break_holder] &#8211;&gt; &lt;div class=&quot;text1&quot;&gt;&lt;!&#8211; [et_pb_line_break_holder] &#8211;&gt; &lt;div class=&quot;Principal&quot;&gt;&lt;a href=&quot;https:\/\/aliagavet.net\/de\/hundepension\/&quot;&gt;&lt;img class=&quot;imgcanina&quot; src=&quot;https:\/\/aliagavet.net\/wp-content\/uploads\/2017\/12\/residencia_canina.jpg&quot; title=&quot;canina&quot; alt=&quot;canina&quot;&gt;&lt;\/a&gt;&lt;br&gt;&lt;\/div&gt;&lt;!&#8211; [et_pb_line_break_holder] &#8211;&gt; &lt;!&#8211; [et_pb_line_break_holder] &#8211;&gt;&lt;\/div&gt;&lt;!&#8211; [et_pb_line_break_holder] &#8211;&gt; &lt;\/div&gt;&lt;!&#8211; [et_pb_line_break_holder] &#8211;&gt; &lt;\/div&gt;[\/et_pb_code][\/et_pb_column][et_pb_column type=&#8220;1_2&#8243;][et_pb_code _builder_version=&#8220;3.0.89&#8243; custom_margin=&#8220;0px|0px|0px|0px&#8220; custom_padding=&#8220;0px|0px|0px|0px&#8220;]&lt;div class=&quot;containe1&quot;&gt;&lt;!&#8211; [et_pb_line_break_holder] &#8211;&gt; &lt;div class=&quot;div-img hidden1&quot; &gt;&lt;!&#8211; [et_pb_line_break_holder] &#8211;&gt; &lt;img class=&quot;img1&quot; src=&quot;https:\/\/aliagavet.net\/wp-content\/uploads\/2017\/11\/RESIDENCIA-FELINA.jpg&quot; title=&quot;Foto6&quot; alt=&quot;Foto6&quot;&gt;&lt;!&#8211; [et_pb_line_break_holder] &#8211;&gt; &lt;div class=&quot;overlay1&quot;&gt;&lt;\/div&gt;&lt;!&#8211; [et_pb_line_break_holder] &#8211;&gt; &lt;div class=&quot;text1&quot;&gt;&lt;!&#8211; [et_pb_line_break_holder] &#8211;&gt; &lt;div class=&quot;Principal&quot;&gt;&lt;a href=&quot;https:\/\/aliagavet.net\/de\/katzenpension\/&quot;&gt;&lt;img class=&quot;imgfelina&quot; src=&quot;https:\/\/aliagavet.net\/wp-content\/uploads\/2017\/12\/residencia_felin.jpg&quot; title=&quot;felina&quot; alt=&quot;felina&quot;&gt;&lt;\/a&gt;&lt;\/div&gt;&lt;!&#8211; [et_pb_line_break_holder] &#8211;&gt; &lt;!&#8211; [et_pb_line_break_holder] &#8211;&gt;&lt;\/div&gt;&lt;!&#8211; [et_pb_line_break_holder] &#8211;&gt; &lt;\/div&gt;&lt;!&#8211; [et_pb_line_break_holder] &#8211;&gt; &lt;\/div&gt;&lt;!&#8211; [et_pb_line_break_holder] &#8211;&gt;[\/et_pb_code][\/et_pb_column][\/et_pb_row][\/et_pb_section][et_pb_section bb_built=&#8220;1&#8243; fullwidth=&#8220;off&#8220; specialty=&#8220;off&#8220; _builder_version=&#8220;3.0.89&#8243; module_id=&#8220;agility&#8220; custom_margin=&#8220;0px||0px|&#8220; custom_padding=&#8220;0px||0px|&#8220; prev_background_color=&#8220;#3c434d&#8220; next_background_color=&#8220;#000000&#8243;][et_pb_row _builder_version=&#8220;3.0.89&#8243;][et_pb_column type=&#8220;4_4&#8243;][et_pb_text _builder_version=&#8220;3.0.89&#8243; background_layout=&#8220;light&#8220; custom_padding=&#8220;2%||2%|&#8220;]<\/p>\n<h2 class=\"colorverde\" style=\"text-align: center;\">HUNDEAUSBILDUNG HUNDETRAINER<\/h2>\n<p>[\/et_pb_text][et_pb_text _builder_version=&#8220;3.13.1&#8243;]<\/p>\n<p style=\"text-align: center;\">Wir z\u00e4hlen auf die Mitarbeit von Adrian Paskuy, ein vm Spanischen Verein der professionellen Hundetrainer ANACP(Asociaci\u00f3n nacional de adiestradores caninos profesionales) anerkannter Hundetrainer.<\/p>\n<p>[\/et_pb_text][\/et_pb_column][\/et_pb_row][\/et_pb_section][et_pb_section bb_built=&#8220;1&#8243; fullwidth=&#8220;off&#8220; specialty=&#8220;off&#8220; _builder_version=&#8220;3.0.89&#8243; custom_padding=&#8220;0px|0px|700px|0px&#8220; background_image=&#8220;https:\/\/aliagavet.net\/wp-content\/uploads\/2017\/11\/AGILITY_EDUCACION_HOME.jpg&#8220; custom_margin=&#8220;0px|0px|0px|0px&#8220; prev_background_color=&#8220;#ffffff&#8220; next_background_color=&#8220;#ffffff&#8220;][et_pb_row _builder_version=&#8220;3.0.89&#8243; make_fullwidth=&#8220;on&#8220; make_equal=&#8220;on&#8220; custom_margin=&#8220;0px|0px|0px|0px&#8220; custom_padding=&#8220;0px|0px|0px|0px&#8220;][et_pb_column type=&#8220;1_2&#8243;][et_pb_code _builder_version=&#8220;3.0.89&#8243;]&lt;div class=&quot;et_pb_module et_pb_space et_pb_divider et_pb_divider_0 et_pb_divider_position_&quot;&gt;&lt;div class=&quot;et_pb_divider_internal sepiz&quot;&gt;&lt;\/div&gt;&lt;\/div&gt;[\/et_pb_code][\/et_pb_column][et_pb_column type=&#8220;1_2&#8243;][et_pb_code _builder_version=&#8220;3.0.89&#8243;]&lt;div class=&quot;et_pb_module et_pb_space et_pb_divider et_pb_divider_0 et_pb_divider_position_&quot;&gt;&lt;div class=&quot;et_pb_divider_internal sepde&quot;&gt;&lt;\/div&gt;&lt;\/div&gt;[\/et_pb_code][\/et_pb_column][\/et_pb_row][et_pb_row _builder_version=&#8220;3.0.89&#8243; module_class_1=&#8220;btnagility&#8220;][et_pb_column type=&#8220;4_4&#8243;][et_pb_button _builder_version=&#8220;3.0.89&#8243; url_new_window=&#8220;off&#8220; background_layout=&#8220;light&#8220; custom_button=&#8220;on&#8220; button_icon_placement=&#8220;right&#8220; button_text=&#8220;Weiterlesen&#8220; button_alignment=&#8220;center&#8220; button_text_color=&#8220;#cccccc&#8220; button_bg_color=&#8220;#508b39&#8243; button_font=&#8220;Comfortaa||||||||&#8220; button_use_icon=&#8220;off&#8220; button_text_color_hover=&#8220;#508b39&#8243; button_bg_color_hover=&#8220;#cccccc&#8220; button_url=&#8220;https:\/\/aliagavet.net\/de\/aguility-educacion-canina\/&#8220; \/][\/et_pb_column][\/et_pb_row][\/et_pb_section][et_pb_section bb_built=&#8220;1&#8243; fullwidth=&#8220;off&#8220; specialty=&#8220;off&#8220; _builder_version=&#8220;3.0.89&#8243; custom_margin=&#8220;0px||0px|&#8220; custom_padding=&#8220;0px||0px|&#8220; module_id=&#8220;equipo&#8220; prev_background_color=&#8220;#000000&#8243; next_background_color=&#8220;#000000&#8243;][et_pb_row _builder_version=&#8220;3.0.89&#8243; make_fullwidth=&#8220;on&#8220; make_equal=&#8220;on&#8220; background_color=&#8220;#3c434d&#8220; custom_padding=&#8220;0px||0px|&#8220; custom_margin=&#8220;0px||0px|&#8220;][et_pb_column type=&#8220;4_4&#8243;][et_pb_text _builder_version=&#8220;3.0.89&#8243; background_layout=&#8220;light&#8220; custom_padding=&#8220;2%||2%|&#8220; custom_margin=&#8220;0px||0px|&#8220;]<\/p>\n<h2 style=\"text-align: center;\">TEAM<\/h2>\n<p>[\/et_pb_text][et_pb_slider _builder_version=&#8220;3.0.89&#8243; show_arrows=&#8220;on&#8220; show_pagination=&#8220;on&#8220; show_inner_shadow=&#8220;on&#8220; custom_button=&#8220;off&#8220; button_icon_placement=&#8220;right&#8220; show_content_on_mobile=&#8220;on&#8220; show_cta_on_mobile=&#8220;on&#8220; show_image_video_mobile=&#8220;off&#8220; custom_padding=&#8220;400px||400px|&#8220; auto=&#8220;on&#8220; auto_speed=&#8220;5000&#8243; box_shadow_horizontal=&#8220;0px&#8220; box_shadow_vertical=&#8220;0px&#8220; box_shadow_blur=&#8220;10px&#8220; box_shadow_spread=&#8220;0px&#8220; box_shadow_position=&#8220;inner&#8220; box_shadow_color=&#8220;rgba(0,0,0,0.1)&#8220; box_shadow_style=&#8220;preset6&#8243;][et_pb_slide _builder_version=&#8220;3.0.89&#8243; use_background_color_gradient=&#8220;off&#8220; background_color_gradient_start=&#8220;#2b87da&#8220; background_color_gradient_end=&#8220;#29c4a9&#8243; background_color_gradient_type=&#8220;linear&#8220; background_color_gradient_direction=&#8220;180deg&#8220; background_color_gradient_direction_radial=&#8220;center&#8220; background_color_gradient_start_position=&#8220;0%&#8220; background_color_gradient_end_position=&#8220;100%&#8220; background_color_gradient_overlays_image=&#8220;off&#8220; background_image=&#8220;https:\/\/aliagavet.net\/wp-content\/uploads\/2017\/12\/DONATO-2.jpg&#8220; parallax=&#8220;off&#8220; parallax_method=&#8220;on&#8220; background_size=&#8220;cover&#8220; background_position=&#8220;center&#8220; background_repeat=&#8220;no-repeat&#8220; background_blend=&#8220;normal&#8220; allow_player_pause=&#8220;off&#8220; use_bg_overlay=&#8220;off&#8220; use_text_overlay=&#8220;off&#8220; text_border_radius=&#8220;3&#8243; alignment=&#8220;center&#8220; background_layout=&#8220;dark&#8220; \/][et_pb_slide _builder_version=&#8220;3.0.89&#8243; use_background_color_gradient=&#8220;off&#8220; background_color_gradient_start=&#8220;#2b87da&#8220; background_color_gradient_end=&#8220;#29c4a9&#8243; background_color_gradient_type=&#8220;linear&#8220; background_color_gradient_direction=&#8220;180deg&#8220; background_color_gradient_direction_radial=&#8220;center&#8220; background_color_gradient_start_position=&#8220;0%&#8220; background_color_gradient_end_position=&#8220;100%&#8220; background_color_gradient_overlays_image=&#8220;off&#8220; parallax=&#8220;off&#8220; parallax_method=&#8220;on&#8220; background_size=&#8220;cover&#8220; background_position=&#8220;center&#8220; background_repeat=&#8220;no-repeat&#8220; background_blend=&#8220;normal&#8220; allow_player_pause=&#8220;off&#8220; use_bg_overlay=&#8220;off&#8220; use_text_overlay=&#8220;off&#8220; text_border_radius=&#8220;3&#8243; alignment=&#8220;center&#8220; background_layout=&#8220;dark&#8220; background_image=&#8220;https:\/\/aliagavet.net\/wp-content\/uploads\/2017\/12\/ISABEL-2.jpg&#8220; \/][et_pb_slide _builder_version=&#8220;3.0.89&#8243; use_background_color_gradient=&#8220;off&#8220; background_color_gradient_start=&#8220;#2b87da&#8220; background_color_gradient_end=&#8220;#29c4a9&#8243; background_color_gradient_type=&#8220;linear&#8220; background_color_gradient_direction=&#8220;180deg&#8220; background_color_gradient_direction_radial=&#8220;center&#8220; background_color_gradient_start_position=&#8220;0%&#8220; background_color_gradient_end_position=&#8220;100%&#8220; background_color_gradient_overlays_image=&#8220;off&#8220; parallax=&#8220;off&#8220; parallax_method=&#8220;on&#8220; background_size=&#8220;cover&#8220; background_position=&#8220;center&#8220; background_repeat=&#8220;no-repeat&#8220; background_blend=&#8220;normal&#8220; allow_player_pause=&#8220;off&#8220; use_bg_overlay=&#8220;off&#8220; use_text_overlay=&#8220;off&#8220; text_border_radius=&#8220;3&#8243; alignment=&#8220;center&#8220; background_layout=&#8220;dark&#8220; background_image=&#8220;https:\/\/aliagavet.net\/wp-content\/uploads\/2017\/12\/LORETO-2.jpg&#8220; \/][et_pb_slide _builder_version=&#8220;3.0.89&#8243; use_background_color_gradient=&#8220;off&#8220; background_color_gradient_start=&#8220;#2b87da&#8220; background_color_gradient_end=&#8220;#29c4a9&#8243; background_color_gradient_type=&#8220;linear&#8220; background_color_gradient_direction=&#8220;180deg&#8220; background_color_gradient_direction_radial=&#8220;center&#8220; background_color_gradient_start_position=&#8220;0%&#8220; background_color_gradient_end_position=&#8220;100%&#8220; background_color_gradient_overlays_image=&#8220;off&#8220; parallax=&#8220;off&#8220; parallax_method=&#8220;on&#8220; background_size=&#8220;cover&#8220; background_position=&#8220;center&#8220; background_repeat=&#8220;no-repeat&#8220; background_blend=&#8220;normal&#8220; allow_player_pause=&#8220;off&#8220; use_bg_overlay=&#8220;off&#8220; use_text_overlay=&#8220;off&#8220; text_border_radius=&#8220;3&#8243; alignment=&#8220;center&#8220; background_layout=&#8220;dark&#8220; background_image=&#8220;https:\/\/aliagavet.net\/wp-content\/uploads\/2017\/12\/TAMARA-2.jpg&#8220; \/][et_pb_slide _builder_version=&#8220;3.0.89&#8243; use_background_color_gradient=&#8220;off&#8220; background_color_gradient_start=&#8220;#2b87da&#8220; background_color_gradient_end=&#8220;#29c4a9&#8243; background_color_gradient_type=&#8220;linear&#8220; background_color_gradient_direction=&#8220;180deg&#8220; background_color_gradient_direction_radial=&#8220;center&#8220; background_color_gradient_start_position=&#8220;0%&#8220; background_color_gradient_end_position=&#8220;100%&#8220; background_color_gradient_overlays_image=&#8220;off&#8220; parallax=&#8220;off&#8220; parallax_method=&#8220;on&#8220; background_size=&#8220;cover&#8220; background_position=&#8220;center&#8220; background_repeat=&#8220;no-repeat&#8220; background_blend=&#8220;normal&#8220; allow_player_pause=&#8220;off&#8220; use_bg_overlay=&#8220;off&#8220; use_text_overlay=&#8220;off&#8220; text_border_radius=&#8220;3&#8243; alignment=&#8220;center&#8220; background_layout=&#8220;dark&#8220; background_image=&#8220;https:\/\/aliagavet.net\/wp-content\/uploads\/2017\/12\/JUANJO-2.jpg&#8220; \/][et_pb_slide _builder_version=&#8220;3.0.89&#8243; use_background_color_gradient=&#8220;off&#8220; background_color_gradient_start=&#8220;#2b87da&#8220; background_color_gradient_end=&#8220;#29c4a9&#8243; background_color_gradient_type=&#8220;linear&#8220; background_color_gradient_direction=&#8220;180deg&#8220; background_color_gradient_direction_radial=&#8220;center&#8220; background_color_gradient_start_position=&#8220;0%&#8220; background_color_gradient_end_position=&#8220;100%&#8220; background_color_gradient_overlays_image=&#8220;off&#8220; parallax=&#8220;off&#8220; parallax_method=&#8220;on&#8220; background_size=&#8220;cover&#8220; background_position=&#8220;center&#8220; background_repeat=&#8220;no-repeat&#8220; background_blend=&#8220;normal&#8220; allow_player_pause=&#8220;off&#8220; use_bg_overlay=&#8220;off&#8220; use_text_overlay=&#8220;off&#8220; text_border_radius=&#8220;3&#8243; alignment=&#8220;center&#8220; background_layout=&#8220;dark&#8220; background_image=&#8220;https:\/\/aliagavet.net\/wp-content\/uploads\/2017\/12\/SYLVIA.jpg&#8220; \/][\/et_pb_slider][\/et_pb_column][\/et_pb_row][\/et_pb_section][et_pb_section bb_built=&#8220;1&#8243; fullwidth=&#8220;off&#8220; specialty=&#8220;off&#8220; _builder_version=&#8220;3.0.89&#8243; module_id=&#8220;peluqueria&#8220; custom_margin=&#8220;0px|0px|0px|0px&#8220; custom_padding=&#8220;0px|0px|0px|0px&#8220; background_color=&#8220;#ffffff&#8220; prev_background_color=&#8220;#000000&#8243; next_background_color=&#8220;#000000&#8243;][et_pb_row _builder_version=&#8220;3.0.89&#8243; make_fullwidth=&#8220;on&#8220; make_equal=&#8220;on&#8220; custom_margin=&#8220;0px|0px|0px|0px&#8220; custom_padding=&#8220;0px|0px|0px|0px&#8220;][et_pb_column type=&#8220;4_4&#8243;][et_pb_text _builder_version=&#8220;3.0.89&#8243; background_layout=&#8220;light&#8220; custom_padding=&#8220;2%||2%|&#8220;]<\/p>\n<h2 class=\"colorverde\" style=\"text-align: center;\">TIEREFRISEUR<\/h2>\n<p>[\/et_pb_text][\/et_pb_column][\/et_pb_row][\/et_pb_section][et_pb_section bb_built=&#8220;1&#8243; fullwidth=&#8220;off&#8220; specialty=&#8220;off&#8220; _builder_version=&#8220;3.0.89&#8243; custom_padding=&#8220;0px|0px|700px|0px&#8220; background_image=&#8220;https:\/\/aliagavet.net\/wp-content\/uploads\/2017\/12\/perrito.jpg&#8220; custom_margin=&#8220;0px|0px|0px|0px&#8220; prev_background_color=&#8220;#ffffff&#8220;][et_pb_row _builder_version=&#8220;3.0.89&#8243; make_fullwidth=&#8220;on&#8220; make_equal=&#8220;on&#8220; custom_margin=&#8220;0px|0px|0px|0px&#8220; custom_padding=&#8220;0px|0px|0px|0px&#8220;][et_pb_column type=&#8220;1_2&#8243;][et_pb_code _builder_version=&#8220;3.0.89&#8243;]&lt;div class=&quot;et_pb_module et_pb_space et_pb_divider et_pb_divider_0 et_pb_divider_position_&quot;&gt;&lt;div class=&quot;et_pb_divider_internal sepiz&quot;&gt;&lt;\/div&gt;&lt;\/div&gt;[\/et_pb_code][\/et_pb_column][et_pb_column type=&#8220;1_2&#8243;][et_pb_code _builder_version=&#8220;3.0.89&#8243;]&lt;div class=&quot;et_pb_module et_pb_space et_pb_divider et_pb_divider_0 et_pb_divider_position_&quot;&gt;&lt;div class=&quot;et_pb_divider_internal sepde&quot;&gt;&lt;\/div&gt;&lt;\/div&gt;[\/et_pb_code][\/et_pb_column][\/et_pb_row][et_pb_row][et_pb_column type=&#8220;4_4&#8243;][et_pb_text _builder_version=&#8220;3.0.89&#8243; background_layout=&#8220;light&#8220;]<\/p>\n<h2 class=\"colorverde textoimg\" style=\"text-align: center;\">Die Arbeit mit unseren Haustieren wird individuell auf die Bed\u00fcrfnisse und Charakter eines jeden Tieres abgestimmt. <\/h2>\n<p>[\/et_pb_text][\/et_pb_column][\/et_pb_row][et_pb_row _builder_version=&#8220;3.0.89&#8243; module_class_1=&#8220;btnagility&#8220;][et_pb_column type=&#8220;4_4&#8243;][et_pb_button _builder_version=&#8220;3.0.89&#8243; url_new_window=&#8220;off&#8220; background_layout=&#8220;light&#8220; custom_button=&#8220;on&#8220; button_icon_placement=&#8220;right&#8220; button_text=&#8220;Weiterlesen&#8220; button_alignment=&#8220;center&#8220; button_text_color=&#8220;#cccccc&#8220; button_bg_color=&#8220;#508b39&#8243; button_font=&#8220;Comfortaa||||||||&#8220; button_use_icon=&#8220;off&#8220; button_text_color_hover=&#8220;#508b39&#8243; button_bg_color_hover=&#8220;#cccccc&#8220; button_url=&#8220;https:\/\/aliagavet.net\/de\/tierefriseur\/&#8220; \/][\/et_pb_column][\/et_pb_row][\/et_pb_section]<\/p>\n","protected":false},"excerpt":{"rendered":"<p>[et_pb_section bb_built=&#8220;1&#8243; fullwidth=&#8220;on&#8220; specialty=&#8220;off&#8220; _builder_version=&#8220;3.0.89&#8243; custom_padding=&#8220;300px||300px|&#8220; background_image=&#8220;https:\/\/aliagavet.net\/wp-content\/uploads\/2017\/11\/home.jpg&#8220; background_position=&#8220;bottom_right&#8220; next_background_color=&#8220;#ffffff&#8220;][\/et_pb_section][et_pb_section bb_built=&#8220;1&#8243; _builder_version=&#8220;3.0.89&#8243; custom_padding=&#8220;0px||0px|&#8220; module_id=&#8220;clinica&#8220; prev_background_color=&#8220;#000000&#8243; next_background_color=&#8220;#3c434d&#8220;][et_pb_row _builder_version=&#8220;3.0.89&#8243; make_fullwidth=&#8220;on&#8220; make_equal=&#8220;on&#8220; custom_padding=&#8220;|||5%&#8220;][et_pb_column type=&#8220;4_4&#8243;][et_pb_text _builder_version=&#8220;3.0.89&#8243; background_layout=&#8220;light&#8220; custom_padding=&#8220;2%||2%|&#8220;] &nbsp; Leidenschaft f\u00fcr Tiere &nbsp; [\/et_pb_text][\/et_pb_column][\/et_pb_row][et_pb_row _builder_version=&#8220;3.0.89&#8243; make_fullwidth=&#8220;on&#8220; make_equal=&#8220;on&#8220; custom_padding=&#8220;|||5%&#8220;][et_pb_column type=&#8220;1_2&#8243;][et_pb_text _builder_version=&#8220;3.0.89&#8243; background_layout=&#8220;light&#8220; animation_direction=&#8220;left&#8220;] ALIAGA\u00a0ist eine moderne Tierarztpraxis, ausger\u00fcstet mit den modernsten Diagnoseger\u00e4ten und immer auf dem neuesten Stand der Technik, in [&hellip;]<\/p>\n","protected":false},"author":1,"featured_media":0,"parent":0,"menu_order":0,"comment_status":"closed","ping_status":"closed","template":"","meta":{"footnotes":""},"class_list":["post-718","page","type-page","status-publish","hentry"],"_links":{"self":[{"href":"https:\/\/aliagavet.net\/de\/wp-json\/wp\/v2\/pages\/718"}],"collection":[{"href":"https:\/\/aliagavet.net\/de\/wp-json\/wp\/v2\/pages"}],"about":[{"href":"https:\/\/aliagavet.net\/de\/wp-json\/wp\/v2\/types\/page"}],"author":[{"embeddable":true,"href":"https:\/\/aliagavet.net\/de\/wp-json\/wp\/v2\/users\/1"}],"replies":[{"embeddable":true,"href":"https:\/\/aliagavet.net\/de\/wp-json\/wp\/v2\/comments?post=718"}],"version-history":[{"count":0,"href":"https:\/\/aliagavet.net\/de\/wp-json\/wp\/v2\/pages\/718\/revisions"}],"wp:attachment":[{"href":"https:\/\/aliagavet.net\/de\/wp-json\/wp\/v2\/media?parent=718"}],"curies":[{"name":"wp","href":"https:\/\/api.w.org\/{rel}","templated":true}]}}